{"id":1126,"date":"2025-12-01T11:52:55","date_gmt":"2025-12-01T10:52:55","guid":{"rendered":"https:\/\/studiometza.com.pl\/?page_id=1126"},"modified":"2025-12-22T15:40:17","modified_gmt":"2025-12-22T14:40:17","slug":"dotyk-swiatla","status":"publish","type":"page","link":"https:\/\/studiometza.com.pl\/?page_id=1126","title":{"rendered":"Dotyk \u015bwiat\u0142a"},"content":{"rendered":"\t\t<div data-elementor-type=\"wp-page\" data-elementor-id=\"1126\" class=\"elementor elementor-1126\" data-elementor-post-type=\"page\">\n\t\t\t\t<div class=\"elementor-element elementor-element-80a9142 e-flex e-con-boxed e-con e-parent\" data-id=\"80a9142\" data-element_type=\"container\" data-settings=\"{&quot;background_background&quot;:&quot;classic&quot;}\">\n\t\t\t\t\t<div class=\"e-con-inner\">\n\t\t<div class=\"elementor-element elementor-element-986d7c8 e-con-full e-flex e-con e-child\" data-id=\"986d7c8\" data-element_type=\"container\">\n\t\t\t\t<div class=\"elementor-element elementor-element-50dc029 elementor-widget__width-auto elementor-icon-list--layout-traditional elementor-list-item-link-full_width elementor-widget elementor-widget-icon-list\" data-id=\"50dc029\" data-element_type=\"widget\" data-widget_type=\"icon-list.default\">\n\t\t\t\t<div class=\"elementor-widget-container\">\n\t\t\t\t\t\t\t<ul class=\"elementor-icon-list-items\">\n\t\t\t\t\t\t\t<li class=\"elementor-icon-list-item\">\n\t\t\t\t\t\t\t\t\t\t\t<a href=\"#\">\n\n\t\t\t\t\t\t\t\t\t\t\t<span class=\"elementor-icon-list-text\">Home<\/span>\n\t\t\t\t\t\t\t\t\t\t\t<\/a>\n\t\t\t\t\t\t\t\t\t<\/li>\n\t\t\t\t\t\t<\/ul>\n\t\t\t\t\t\t<\/div>\n\t\t\t\t<\/div>\n\t\t\t\t<div class=\"elementor-element elementor-element-0b82718 elementor-widget__width-auto elementor-widget elementor-widget-heading\" data-id=\"0b82718\" data-element_type=\"widget\" data-widget_type=\"heading.default\">\n\t\t\t\t<div class=\"elementor-widget-container\">\n\t\t\t\t\t<h2 class=\"elementor-heading-title elementor-size-default\">\/<\/h2>\t\t\t\t<\/div>\n\t\t\t\t<\/div>\n\t\t\t\t<div class=\"elementor-element elementor-element-be25f3c elementor-widget__width-auto elementor-icon-list--layout-traditional elementor-list-item-link-full_width elementor-widget elementor-widget-icon-list\" data-id=\"be25f3c\" data-element_type=\"widget\" data-widget_type=\"icon-list.default\">\n\t\t\t\t<div class=\"elementor-widget-container\">\n\t\t\t\t\t\t\t<ul class=\"elementor-icon-list-items\">\n\t\t\t\t\t\t\t<li class=\"elementor-icon-list-item\">\n\t\t\t\t\t\t\t\t\t\t<span class=\"elementor-icon-list-text\">Us\u0142ugi<\/span>\n\t\t\t\t\t\t\t\t\t<\/li>\n\t\t\t\t\t\t<\/ul>\n\t\t\t\t\t\t<\/div>\n\t\t\t\t<\/div>\n\t\t\t\t<div class=\"elementor-element elementor-element-9ebbcc5 elementor-widget__width-auto elementor-widget elementor-widget-heading\" data-id=\"9ebbcc5\" data-element_type=\"widget\" data-widget_type=\"heading.default\">\n\t\t\t\t<div class=\"elementor-widget-container\">\n\t\t\t\t\t<h2 class=\"elementor-heading-title elementor-size-default\">\/<\/h2>\t\t\t\t<\/div>\n\t\t\t\t<\/div>\n\t\t\t\t<div class=\"elementor-element elementor-element-5ad8d2f elementor-widget__width-auto elementor-icon-list--layout-traditional elementor-list-item-link-full_width elementor-widget elementor-widget-icon-list\" data-id=\"5ad8d2f\" data-element_type=\"widget\" data-widget_type=\"icon-list.default\">\n\t\t\t\t<div class=\"elementor-widget-container\">\n\t\t\t\t\t\t\t<ul class=\"elementor-icon-list-items\">\n\t\t\t\t\t\t\t<li class=\"elementor-icon-list-item\">\n\t\t\t\t\t\t\t\t\t\t<span class=\"elementor-icon-list-text\">MASA\u017bE<\/span>\n\t\t\t\t\t\t\t\t\t<\/li>\n\t\t\t\t\t\t<\/ul>\n\t\t\t\t\t\t<\/div>\n\t\t\t\t<\/div>\n\t\t\t\t<div class=\"elementor-element elementor-element-ed5a6e5 elementor-widget__width-inherit elementor-widget elementor-widget-heading\" data-id=\"ed5a6e5\" data-element_type=\"widget\" data-widget_type=\"heading.default\">\n\t\t\t\t<div class=\"elementor-widget-container\">\n\t\t\t\t\t<h2 class=\"elementor-heading-title elementor-size-default\">DOTYK \u015aWIAT\u0141A \u2013 energetyczny masa\u017c g\u0142owy<\/h2>\t\t\t\t<\/div>\n\t\t\t\t<\/div>\n\t\t\t\t<div class=\"elementor-element elementor-element-d988237 elementor-widget elementor-widget-text-editor\" data-id=\"d988237\" data-element_type=\"widget\" data-widget_type=\"text-editor.default\">\n\t\t\t\t<div class=\"elementor-widget-container\">\n\t\t\t\t\t\t\t\t\t<p><span style=\"font-weight: 400;\">Subtelny dotyk, kt\u00f3ry podnosi wibracj\u0119, usprawnia przep\u0142yw energii w ciele i polu aurycznym cz\u0142owieka.<br \/>Wprowadza w stan g\u0142\u0119bokiego relaksu, spokoju i wewn\u0119trznej ciszy.<\/span><\/p>\t\t\t\t\t\t\t\t<\/div>\n\t\t\t\t<\/div>\n\t\t\t\t<\/div>\n\t\t\t\t\t<\/div>\n\t\t\t\t<\/div>\n\t\t<div class=\"elementor-element elementor-element-41b2399 e-flex e-con-boxed e-con e-parent\" data-id=\"41b2399\" data-element_type=\"container\">\n\t\t\t\t\t<div class=\"e-con-inner\">\n\t\t<div class=\"elementor-element elementor-element-f724a09 e-con-full e-flex e-con e-child\" data-id=\"f724a09\" data-element_type=\"container\">\n\t\t\t\t<div class=\"elementor-element elementor-element-1e8fb75 elementor-widget elementor-widget-heading\" data-id=\"1e8fb75\" data-element_type=\"widget\" data-widget_type=\"heading.default\">\n\t\t\t\t<div class=\"elementor-widget-container\">\n\t\t\t\t\t<h3 class=\"elementor-heading-title elementor-size-default\">Co to jest dotyk \u015bwiat\u0142a?<\/h3>\t\t\t\t<\/div>\n\t\t\t\t<\/div>\n\t\t\t\t<div class=\"elementor-element elementor-element-b1f614b elementor-widget elementor-widget-text-editor\" data-id=\"b1f614b\" data-element_type=\"widget\" data-widget_type=\"text-editor.default\">\n\t\t\t\t<div class=\"elementor-widget-container\">\n\t\t\t\t\t\t\t\t\t<p>Dotyk \u015awiat\u0142a, to m\u00f3j autorski, bardzo przyjemny masa\u017c g\u0142owy, polegaj\u0105cy na delikatnym stymulowaniu poszczeg\u00f3lnych punkt\u00f3w biegn\u0105cych wzd\u0142u\u017c linii meridian\u00f3w. W zaledwie 1godzin\u0119 pozwala roz\u0142adowa\u0107 zablokowane w naszym polu i ciele energie, b\u0119d\u0105ce g\u0142\u0119boko ukrytymi w pod\u015bwiadomo\u015bci programami i kodami. Pomaga uwolni\u0107 si\u0119 od starych wzorc\u00f3w, traum, wszelkich obci\u0105\u017ce\u0144 energetycznych, r\u00f3wnie\u017c tych rodowych. Dzia\u0142a niezwykle dynamicznie i praktycznie. Uzdrawiaj\u0105co wp\u0142ywa na ka\u017cdy aspekt \u017cycia.<\/p>\t\t\t\t\t\t\t\t<\/div>\n\t\t\t\t<\/div>\n\t\t\t\t<\/div>\n\t\t<div class=\"elementor-element elementor-element-9ddda86 e-con-full e-flex e-con e-child\" data-id=\"9ddda86\" data-element_type=\"container\">\n\t\t\t\t<div class=\"elementor-element elementor-element-c6c8cee elementor-widget elementor-widget-image\" data-id=\"c6c8cee\" data-element_type=\"widget\" data-widget_type=\"image.default\">\n\t\t\t\t<div class=\"elementor-widget-container\">\n\t\t\t\t\t\t\t\t\t\t\t\t\t\t\t<img fetchpriority=\"high\" decoding=\"async\" width=\"2560\" height=\"1707\" src=\"https:\/\/studiometza.com.pl\/wp-content\/uploads\/2025\/12\/praktyki-dobrego-samopomocy-w-swiatowym-dniu-zdrowia-1-scaled.jpg\" class=\"attachment-full size-full wp-image-1131\" alt=\"\" srcset=\"https:\/\/studiometza.com.pl\/wp-content\/uploads\/2025\/12\/praktyki-dobrego-samopomocy-w-swiatowym-dniu-zdrowia-1-scaled.jpg 2560w, https:\/\/studiometza.com.pl\/wp-content\/uploads\/2025\/12\/praktyki-dobrego-samopomocy-w-swiatowym-dniu-zdrowia-1-300x200.jpg 300w, https:\/\/studiometza.com.pl\/wp-content\/uploads\/2025\/12\/praktyki-dobrego-samopomocy-w-swiatowym-dniu-zdrowia-1-1024x683.jpg 1024w, https:\/\/studiometza.com.pl\/wp-content\/uploads\/2025\/12\/praktyki-dobrego-samopomocy-w-swiatowym-dniu-zdrowia-1-768x512.jpg 768w, https:\/\/studiometza.com.pl\/wp-content\/uploads\/2025\/12\/praktyki-dobrego-samopomocy-w-swiatowym-dniu-zdrowia-1-1536x1024.jpg 1536w, https:\/\/studiometza.com.pl\/wp-content\/uploads\/2025\/12\/praktyki-dobrego-samopomocy-w-swiatowym-dniu-zdrowia-1-2048x1365.jpg 2048w\" sizes=\"(max-width: 2560px) 100vw, 2560px\" \/>\t\t\t\t\t\t\t\t\t\t\t\t\t\t\t<\/div>\n\t\t\t\t<\/div>\n\t\t\t\t<\/div>\n\t\t\t\t\t<\/div>\n\t\t\t\t<\/div>\n\t\t<div class=\"elementor-element elementor-element-d80f123 e-flex e-con-boxed e-con e-parent\" data-id=\"d80f123\" data-element_type=\"container\">\n\t\t\t\t\t<div class=\"e-con-inner\">\n\t\t<div class=\"elementor-element elementor-element-89a3a98 e-con-full e-flex e-con e-child\" data-id=\"89a3a98\" data-element_type=\"container\">\n\t\t\t\t<div class=\"elementor-element elementor-element-408949d elementor-widget elementor-widget-image\" data-id=\"408949d\" data-element_type=\"widget\" data-widget_type=\"image.default\">\n\t\t\t\t<div class=\"elementor-widget-container\">\n\t\t\t\t\t\t\t\t\t\t\t\t\t\t\t<img decoding=\"async\" width=\"2560\" height=\"1707\" src=\"https:\/\/studiometza.com.pl\/wp-content\/uploads\/2025\/12\/8523a957-93c7-4946-bb46-3c6aca182de7-scaled.jpg\" class=\"attachment-full size-full wp-image-1129\" alt=\"\" srcset=\"https:\/\/studiometza.com.pl\/wp-content\/uploads\/2025\/12\/8523a957-93c7-4946-bb46-3c6aca182de7-scaled.jpg 2560w, https:\/\/studiometza.com.pl\/wp-content\/uploads\/2025\/12\/8523a957-93c7-4946-bb46-3c6aca182de7-300x200.jpg 300w, https:\/\/studiometza.com.pl\/wp-content\/uploads\/2025\/12\/8523a957-93c7-4946-bb46-3c6aca182de7-1024x683.jpg 1024w, https:\/\/studiometza.com.pl\/wp-content\/uploads\/2025\/12\/8523a957-93c7-4946-bb46-3c6aca182de7-768x512.jpg 768w, https:\/\/studiometza.com.pl\/wp-content\/uploads\/2025\/12\/8523a957-93c7-4946-bb46-3c6aca182de7-1536x1024.jpg 1536w, https:\/\/studiometza.com.pl\/wp-content\/uploads\/2025\/12\/8523a957-93c7-4946-bb46-3c6aca182de7-2048x1365.jpg 2048w\" sizes=\"(max-width: 2560px) 100vw, 2560px\" \/>\t\t\t\t\t\t\t\t\t\t\t\t\t\t\t<\/div>\n\t\t\t\t<\/div>\n\t\t\t\t<\/div>\n\t\t<div class=\"elementor-element elementor-element-1e0949f e-con-full e-flex e-con e-child\" data-id=\"1e0949f\" data-element_type=\"container\">\n\t\t\t\t<div class=\"elementor-element elementor-element-04a5dc3 elementor-widget elementor-widget-heading\" data-id=\"04a5dc3\" data-element_type=\"widget\" data-widget_type=\"heading.default\">\n\t\t\t\t<div class=\"elementor-widget-container\">\n\t\t\t\t\t<h3 class=\"elementor-heading-title elementor-size-default\">Na czym polega D\u015a?<\/h3>\t\t\t\t<\/div>\n\t\t\t\t<\/div>\n\t\t\t\t<div class=\"elementor-element elementor-element-6350b55 elementor-widget elementor-widget-text-editor\" data-id=\"6350b55\" data-element_type=\"widget\" data-widget_type=\"text-editor.default\">\n\t\t\t\t<div class=\"elementor-widget-container\">\n\t\t\t\t\t\t\t\t\t<p>Na g\u0142owie i ciele znajduj\u0105 si\u0119 punkty, kt\u00f3re odpowiadaj\u0105 za r\u00f3\u017cne aspekty naszego \u017cycia. Wystarczy tylko odnale\u017a\u0107 odpowiedni punkt, delikatnie go dotkn\u0105\u0107, nazwa\u0107, pu\u015bci\u0107 czyst\u0105 intencj\u0119 i promie\u0144 \u015bwiat\u0142a p\u0142yn\u0105cy z Pra\u017ar\u00f3d\u0142a przez nasze palce, zacznie transformowa\u0107 blokuj\u0105cy komponent energetyczny. Ten z kolei pod wp\u0142ywem wysokich wibracji, rozbije si\u0119 na fotony \u015bwiat\u0142a i jako czysta energia rozpu\u015bci w przestrzeni. Po kilku minutach blokada, kt\u00f3ra destrukcyjnie wp\u0142ywa\u0142a na twoje \u017cycie, je\u015bli taka jest twoja wola, znika.<\/p>\t\t\t\t\t\t\t\t<\/div>\n\t\t\t\t<\/div>\n\t\t\t\t<\/div>\n\t\t\t\t\t<\/div>\n\t\t\t\t<\/div>\n\t\t<div class=\"elementor-element elementor-element-c9ec02b e-flex e-con-boxed e-con e-parent\" data-id=\"c9ec02b\" data-element_type=\"container\" data-settings=\"{&quot;background_background&quot;:&quot;classic&quot;}\">\n\t\t\t\t\t<div class=\"e-con-inner\">\n\t\t<div class=\"elementor-element elementor-element-2d3c0ba e-con-full e-flex e-con e-child\" data-id=\"2d3c0ba\" data-element_type=\"container\">\n\t\t<div class=\"elementor-element elementor-element-ad23c89 e-con-full animated-slow e-flex elementor-invisible e-con e-child\" data-id=\"ad23c89\" data-element_type=\"container\" data-settings=\"{&quot;animation&quot;:&quot;fadeInUp&quot;,&quot;animation_delay&quot;:160}\">\n\t\t<div class=\"elementor-element elementor-element-7c954df e-con-full e-flex e-con e-child\" data-id=\"7c954df\" data-element_type=\"container\">\n\t\t<div class=\"elementor-element elementor-element-8e5e529 e-con-full e-flex e-con e-child\" data-id=\"8e5e529\" data-element_type=\"container\">\n\t\t\t\t<div class=\"elementor-element elementor-element-5bf2b29 elementor-widget elementor-widget-heading\" data-id=\"5bf2b29\" data-element_type=\"widget\" data-widget_type=\"heading.default\">\n\t\t\t\t<div class=\"elementor-widget-container\">\n\t\t\t\t\t<h3 class=\"elementor-heading-title elementor-size-default\">Co daje D\u015a?<\/h3>\t\t\t\t<\/div>\n\t\t\t\t<\/div>\n\t\t\t\t<div class=\"elementor-element elementor-element-29cafe0 elementor-widget elementor-widget-heading\" data-id=\"29cafe0\" data-element_type=\"widget\" data-widget_type=\"heading.default\">\n\t\t\t\t<div class=\"elementor-widget-container\">\n\t\t\t\t\t<h4 class=\"elementor-heading-title elementor-size-default\">Po takiej sesji:<\/h4>\t\t\t\t<\/div>\n\t\t\t\t<\/div>\n\t\t\t\t<div class=\"elementor-element elementor-element-da5d273 elementor-icon-list--layout-traditional elementor-list-item-link-full_width elementor-widget elementor-widget-icon-list\" data-id=\"da5d273\" data-element_type=\"widget\" data-widget_type=\"icon-list.default\">\n\t\t\t\t<div class=\"elementor-widget-container\">\n\t\t\t\t\t\t\t<ul class=\"elementor-icon-list-items\">\n\t\t\t\t\t\t\t<li class=\"elementor-icon-list-item\">\n\t\t\t\t\t\t\t\t\t\t\t<span class=\"elementor-icon-list-icon\">\n\t\t\t\t\t\t\t<svg aria-hidden=\"true\" class=\"e-font-icon-svg e-fas-check-circle\" viewBox=\"0 0 512 512\" xmlns=\"http:\/\/www.w3.org\/2000\/svg\"><path d=\"M504 256c0 136.967-111.033 248-248 248S8 392.967 8 256 119.033 8 256 8s248 111.033 248 248zM227.314 387.314l184-184c6.248-6.248 6.248-16.379 0-22.627l-22.627-22.627c-6.248-6.249-16.379-6.249-22.628 0L216 308.118l-70.059-70.059c-6.248-6.248-16.379-6.248-22.628 0l-22.627 22.627c-6.248 6.248-6.248 16.379 0 22.627l104 104c6.249 6.249 16.379 6.249 22.628.001z\"><\/path><\/svg>\t\t\t\t\t\t<\/span>\n\t\t\t\t\t\t\t\t\t\t<span class=\"elementor-icon-list-text\">mo\u017cesz poczu\u0107 wi\u0119cej spokoju, \u0142atwiej wchodzi\u0107 w stan ciszy, obserwacji, obecno\u015bci<\/span>\n\t\t\t\t\t\t\t\t\t<\/li>\n\t\t\t\t\t\t\t\t<li class=\"elementor-icon-list-item\">\n\t\t\t\t\t\t\t\t\t\t\t<span class=\"elementor-icon-list-icon\">\n\t\t\t\t\t\t\t<svg aria-hidden=\"true\" class=\"e-font-icon-svg e-fas-check-circle\" viewBox=\"0 0 512 512\" xmlns=\"http:\/\/www.w3.org\/2000\/svg\"><path d=\"M504 256c0 136.967-111.033 248-248 248S8 392.967 8 256 119.033 8 256 8s248 111.033 248 248zM227.314 387.314l184-184c6.248-6.248 6.248-16.379 0-22.627l-22.627-22.627c-6.248-6.249-16.379-6.249-22.628 0L216 308.118l-70.059-70.059c-6.248-6.248-16.379-6.248-22.628 0l-22.627 22.627c-6.248 6.248-6.248 16.379 0 22.627l104 104c6.249 6.249 16.379 6.249 22.628.001z\"><\/path><\/svg>\t\t\t\t\t\t<\/span>\n\t\t\t\t\t\t\t\t\t\t<span class=\"elementor-icon-list-text\">mie\u0107 wi\u0119cej zaufania do siebie i wiary w swoje mo\u017cliwo\u015bci<\/span>\n\t\t\t\t\t\t\t\t\t<\/li>\n\t\t\t\t\t\t\t\t<li class=\"elementor-icon-list-item\">\n\t\t\t\t\t\t\t\t\t\t\t<span class=\"elementor-icon-list-icon\">\n\t\t\t\t\t\t\t<svg aria-hidden=\"true\" class=\"e-font-icon-svg e-fas-check-circle\" viewBox=\"0 0 512 512\" xmlns=\"http:\/\/www.w3.org\/2000\/svg\"><path d=\"M504 256c0 136.967-111.033 248-248 248S8 392.967 8 256 119.033 8 256 8s248 111.033 248 248zM227.314 387.314l184-184c6.248-6.248 6.248-16.379 0-22.627l-22.627-22.627c-6.248-6.249-16.379-6.249-22.628 0L216 308.118l-70.059-70.059c-6.248-6.248-16.379-6.248-22.628 0l-22.627 22.627c-6.248 6.248-6.248 16.379 0 22.627l104 104c6.249 6.249 16.379 6.249 22.628.001z\"><\/path><\/svg>\t\t\t\t\t\t<\/span>\n\t\t\t\t\t\t\t\t\t\t<span class=\"elementor-icon-list-text\">dokonywa\u0107 \u015bwiadomych, odwa\u017cnych wybor\u00f3w<\/span>\n\t\t\t\t\t\t\t\t\t<\/li>\n\t\t\t\t\t\t\t\t<li class=\"elementor-icon-list-item\">\n\t\t\t\t\t\t\t\t\t\t\t<span class=\"elementor-icon-list-icon\">\n\t\t\t\t\t\t\t<svg aria-hidden=\"true\" class=\"e-font-icon-svg e-fas-check-circle\" viewBox=\"0 0 512 512\" xmlns=\"http:\/\/www.w3.org\/2000\/svg\"><path d=\"M504 256c0 136.967-111.033 248-248 248S8 392.967 8 256 119.033 8 256 8s248 111.033 248 248zM227.314 387.314l184-184c6.248-6.248 6.248-16.379 0-22.627l-22.627-22.627c-6.248-6.249-16.379-6.249-22.628 0L216 308.118l-70.059-70.059c-6.248-6.248-16.379-6.248-22.628 0l-22.627 22.627c-6.248 6.248-6.248 16.379 0 22.627l104 104c6.249 6.249 16.379 6.249 22.628.001z\"><\/path><\/svg>\t\t\t\t\t\t<\/span>\n\t\t\t\t\t\t\t\t\t\t<span class=\"elementor-icon-list-text\">zacz\u0105\u0107 odczuwa\u0107 energi\u0119 wok\u00f3\u0142, o kt\u00f3rej si\u0119 tak wiele si\u0119 m\u00f3wi<\/span>\n\t\t\t\t\t\t\t\t\t<\/li>\n\t\t\t\t\t\t\t\t<li class=\"elementor-icon-list-item\">\n\t\t\t\t\t\t\t\t\t\t\t<span class=\"elementor-icon-list-icon\">\n\t\t\t\t\t\t\t<svg aria-hidden=\"true\" class=\"e-font-icon-svg e-fas-check-circle\" viewBox=\"0 0 512 512\" xmlns=\"http:\/\/www.w3.org\/2000\/svg\"><path d=\"M504 256c0 136.967-111.033 248-248 248S8 392.967 8 256 119.033 8 256 8s248 111.033 248 248zM227.314 387.314l184-184c6.248-6.248 6.248-16.379 0-22.627l-22.627-22.627c-6.248-6.249-16.379-6.249-22.628 0L216 308.118l-70.059-70.059c-6.248-6.248-16.379-6.248-22.628 0l-22.627 22.627c-6.248 6.248-6.248 16.379 0 22.627l104 104c6.249 6.249 16.379 6.249 22.628.001z\"><\/path><\/svg>\t\t\t\t\t\t<\/span>\n\t\t\t\t\t\t\t\t\t\t<span class=\"elementor-icon-list-text\">mo\u017cesz przesta\u0107 automatycznie wchodzi\u0107 w emocje i poprawi\u0107 swoje relacje z innymi<\/span>\n\t\t\t\t\t\t\t\t\t<\/li>\n\t\t\t\t\t\t\t\t<li class=\"elementor-icon-list-item\">\n\t\t\t\t\t\t\t\t\t\t\t<span class=\"elementor-icon-list-icon\">\n\t\t\t\t\t\t\t<svg aria-hidden=\"true\" class=\"e-font-icon-svg e-fas-check-circle\" viewBox=\"0 0 512 512\" xmlns=\"http:\/\/www.w3.org\/2000\/svg\"><path d=\"M504 256c0 136.967-111.033 248-248 248S8 392.967 8 256 119.033 8 256 8s248 111.033 248 248zM227.314 387.314l184-184c6.248-6.248 6.248-16.379 0-22.627l-22.627-22.627c-6.248-6.249-16.379-6.249-22.628 0L216 308.118l-70.059-70.059c-6.248-6.248-16.379-6.248-22.628 0l-22.627 22.627c-6.248 6.248-6.248 16.379 0 22.627l104 104c6.249 6.249 16.379 6.249 22.628.001z\"><\/path><\/svg>\t\t\t\t\t\t<\/span>\n\t\t\t\t\t\t\t\t\t\t<span class=\"elementor-icon-list-text\">mo\u017ce poprawi\u0107 si\u0119 Twoja kreatywno\u015b\u0107 i pojawi\u0107 radosna ch\u0119\u0107 do dzia\u0142ania. <\/span>\n\t\t\t\t\t\t\t\t\t<\/li>\n\t\t\t\t\t\t<\/ul>\n\t\t\t\t\t\t<\/div>\n\t\t\t\t<\/div>\n\t\t\t\t<div class=\"elementor-element elementor-element-d295350 elementor-widget elementor-widget-text-editor\" data-id=\"d295350\" data-element_type=\"widget\" data-widget_type=\"text-editor.default\">\n\t\t\t\t<div class=\"elementor-widget-container\">\n\t\t\t\t\t\t\t\t\t<p><em>\u201ePo takim masa\u017cu, po prostu zmienia si\u0119 ludziom \u017cycie! I co najwa\u017cniejsze, przestaj\u0105 Ci przeszkadza\u0107 my\u015bli, kt\u00f3re (mo\u017ce jeszcze o tym nie wiesz), ale w wi\u0119kszo\u015bci nie s\u0105 Twoje\u201d \ud83d\ude09<\/em><br \/>Katarzyna Metza<\/p>\t\t\t\t\t\t\t\t<\/div>\n\t\t\t\t<\/div>\n\t\t\t\t<\/div>\n\t\t<div class=\"elementor-element elementor-element-0416d73 e-con-full e-flex e-con e-child\" data-id=\"0416d73\" data-element_type=\"container\" data-settings=\"{&quot;background_background&quot;:&quot;classic&quot;,&quot;sticky&quot;:&quot;top&quot;,&quot;sticky_parent&quot;:&quot;yes&quot;,&quot;sticky_on&quot;:[&quot;desktop&quot;,&quot;tablet&quot;,&quot;mobile&quot;],&quot;sticky_offset&quot;:0,&quot;sticky_effects_offset&quot;:0,&quot;sticky_anchor_link_offset&quot;:0}\">\n\t\t\t\t<div class=\"elementor-element elementor-element-68c8405 elementor-widget elementor-widget-heading\" data-id=\"68c8405\" data-element_type=\"widget\" data-widget_type=\"heading.default\">\n\t\t\t\t<div class=\"elementor-widget-container\">\n\t\t\t\t\t<h4 class=\"elementor-heading-title elementor-size-default\">Zapraszam serdecznie na to niezwyk\u0142e do\u015bwiadczenie, kt\u00f3re ju\u017c wielu osobom zmieni\u0142o \u017cycie\ud83d\ude0a<\/h4>\t\t\t\t<\/div>\n\t\t\t\t<\/div>\n\t\t\t\t<div class=\"elementor-element elementor-element-cbd0ee6 elementor-widget elementor-widget-heading\" data-id=\"cbd0ee6\" data-element_type=\"widget\" data-widget_type=\"heading.default\">\n\t\t\t\t<div class=\"elementor-widget-container\">\n\t\t\t\t\t<h4 class=\"elementor-heading-title elementor-size-default\">Czas trwania masa\u017cu<\/h4>\t\t\t\t<\/div>\n\t\t\t\t<\/div>\n\t\t\t\t<div class=\"elementor-element elementor-element-257377f elementor-widget elementor-widget-text-editor\" data-id=\"257377f\" data-element_type=\"widget\" data-widget_type=\"text-editor.default\">\n\t\t\t\t<div class=\"elementor-widget-container\">\n\t\t\t\t\t\t\t\t\t<p>60-80 minut<\/p>\t\t\t\t\t\t\t\t<\/div>\n\t\t\t\t<\/div>\n\t\t\t\t<div class=\"elementor-element elementor-element-f6ca79c elementor-widget elementor-widget-heading\" data-id=\"f6ca79c\" data-element_type=\"widget\" data-widget_type=\"heading.default\">\n\t\t\t\t<div class=\"elementor-widget-container\">\n\t\t\t\t\t<h4 class=\"elementor-heading-title elementor-size-default\">Cena masa\u017cu<\/h4>\t\t\t\t<\/div>\n\t\t\t\t<\/div>\n\t\t\t\t<div class=\"elementor-element elementor-element-71fa1d1 elementor-widget elementor-widget-text-editor\" data-id=\"71fa1d1\" data-element_type=\"widget\" data-widget_type=\"text-editor.default\">\n\t\t\t\t<div class=\"elementor-widget-container\">\n\t\t\t\t\t\t\t\t\t<p><span style=\"font-weight: 400;\">150 &#8211; 200 z\u0142<\/span><\/p>\t\t\t\t\t\t\t\t<\/div>\n\t\t\t\t<\/div>\n\t\t\t\t<\/div>\n\t\t\t\t<\/div>\n\t\t\t\t<\/div>\n\t\t\t\t<\/div>\n\t\t\t\t\t<\/div>\n\t\t\t\t<\/div>\n\t\t\t\t<\/div>\n\t\t","protected":false},"excerpt":{"rendered":"<p>Home \/ Us\u0142ugi \/ MASA\u017bE DOTYK \u015aWIAT\u0141A \u2013 energetyczny masa\u017c g\u0142owy Subtelny dotyk, kt\u00f3ry podnosi wibracj\u0119, usprawnia przep\u0142yw energii w ciele i polu aurycznym cz\u0142owieka.Wprowadza w stan g\u0142\u0119bokiego relaksu, spokoju i wewn\u0119trznej ciszy. Co to jest dotyk \u015bwiat\u0142a? Dotyk \u015awiat\u0142a, to m\u00f3j autorski, bardzo przyjemny masa\u017c g\u0142owy, polegaj\u0105cy na delikatnym stymulowaniu poszczeg\u00f3lnych punkt\u00f3w biegn\u0105cych wzd\u0142u\u017c [&hellip;]<\/p>\n","protected":false},"author":1,"featured_media":0,"parent":0,"menu_order":0,"comment_status":"closed","ping_status":"closed","template":"elementor_header_footer","meta":{"footnotes":""},"class_list":["post-1126","page","type-page","status-publish","hentry"],"_links":{"self":[{"href":"https:\/\/studiometza.com.pl\/index.php?rest_route=\/wp\/v2\/pages\/1126","targetHints":{"allow":["GET"]}}],"collection":[{"href":"https:\/\/studiometza.com.pl\/index.php?rest_route=\/wp\/v2\/pages"}],"about":[{"href":"https:\/\/studiometza.com.pl\/index.php?rest_route=\/wp\/v2\/types\/page"}],"author":[{"embeddable":true,"href":"https:\/\/studiometza.com.pl\/index.php?rest_route=\/wp\/v2\/users\/1"}],"replies":[{"embeddable":true,"href":"https:\/\/studiometza.com.pl\/index.php?rest_route=%2Fwp%2Fv2%2Fcomments&post=1126"}],"version-history":[{"count":13,"href":"https:\/\/studiometza.com.pl\/index.php?rest_route=\/wp\/v2\/pages\/1126\/revisions"}],"predecessor-version":[{"id":1558,"href":"https:\/\/studiometza.com.pl\/index.php?rest_route=\/wp\/v2\/pages\/1126\/revisions\/1558"}],"wp:attachment":[{"href":"https:\/\/studiometza.com.pl\/index.php?rest_route=%2Fwp%2Fv2%2Fmedia&parent=1126"}],"curies":[{"name":"wp","href":"https:\/\/api.w.org\/{rel}","templated":true}]}}