{"id":1214,"date":"2025-12-02T09:04:37","date_gmt":"2025-12-02T08:04:37","guid":{"rendered":"https:\/\/studiometza.com.pl\/?page_id=1214"},"modified":"2025-12-22T15:41:00","modified_gmt":"2025-12-22T14:41:00","slug":"makijaz-okolicznosciowy","status":"publish","type":"page","link":"https:\/\/studiometza.com.pl\/?page_id=1214","title":{"rendered":"Makija\u017c okoliczno\u015bciowy"},"content":{"rendered":"\t\t<div data-elementor-type=\"wp-page\" data-elementor-id=\"1214\" class=\"elementor elementor-1214\" data-elementor-post-type=\"page\">\n\t\t\t\t<div class=\"elementor-element elementor-element-80a9142 e-flex e-con-boxed e-con e-parent\" data-id=\"80a9142\" data-element_type=\"container\" data-settings=\"{&quot;background_background&quot;:&quot;classic&quot;}\">\n\t\t\t\t\t<div class=\"e-con-inner\">\n\t\t<div class=\"elementor-element elementor-element-986d7c8 e-con-full e-flex e-con e-child\" data-id=\"986d7c8\" data-element_type=\"container\">\n\t\t\t\t<div class=\"elementor-element elementor-element-50dc029 elementor-widget__width-auto elementor-icon-list--layout-traditional elementor-list-item-link-full_width elementor-widget elementor-widget-icon-list\" data-id=\"50dc029\" data-element_type=\"widget\" data-widget_type=\"icon-list.default\">\n\t\t\t\t<div class=\"elementor-widget-container\">\n\t\t\t\t\t\t\t<ul class=\"elementor-icon-list-items\">\n\t\t\t\t\t\t\t<li class=\"elementor-icon-list-item\">\n\t\t\t\t\t\t\t\t\t\t\t<a href=\"#\">\n\n\t\t\t\t\t\t\t\t\t\t\t<span class=\"elementor-icon-list-text\">Home<\/span>\n\t\t\t\t\t\t\t\t\t\t\t<\/a>\n\t\t\t\t\t\t\t\t\t<\/li>\n\t\t\t\t\t\t<\/ul>\n\t\t\t\t\t\t<\/div>\n\t\t\t\t<\/div>\n\t\t\t\t<div class=\"elementor-element elementor-element-0b82718 elementor-widget__width-auto elementor-widget elementor-widget-heading\" data-id=\"0b82718\" data-element_type=\"widget\" data-widget_type=\"heading.default\">\n\t\t\t\t<div class=\"elementor-widget-container\">\n\t\t\t\t\t<h2 class=\"elementor-heading-title elementor-size-default\">\/<\/h2>\t\t\t\t<\/div>\n\t\t\t\t<\/div>\n\t\t\t\t<div class=\"elementor-element elementor-element-be25f3c elementor-widget__width-auto elementor-icon-list--layout-traditional elementor-list-item-link-full_width elementor-widget elementor-widget-icon-list\" data-id=\"be25f3c\" data-element_type=\"widget\" data-widget_type=\"icon-list.default\">\n\t\t\t\t<div class=\"elementor-widget-container\">\n\t\t\t\t\t\t\t<ul class=\"elementor-icon-list-items\">\n\t\t\t\t\t\t\t<li class=\"elementor-icon-list-item\">\n\t\t\t\t\t\t\t\t\t\t<span class=\"elementor-icon-list-text\">Us\u0142ugi<\/span>\n\t\t\t\t\t\t\t\t\t<\/li>\n\t\t\t\t\t\t<\/ul>\n\t\t\t\t\t\t<\/div>\n\t\t\t\t<\/div>\n\t\t\t\t<div class=\"elementor-element elementor-element-9ebbcc5 elementor-widget__width-auto elementor-widget elementor-widget-heading\" data-id=\"9ebbcc5\" data-element_type=\"widget\" data-widget_type=\"heading.default\">\n\t\t\t\t<div class=\"elementor-widget-container\">\n\t\t\t\t\t<h2 class=\"elementor-heading-title elementor-size-default\">\/<\/h2>\t\t\t\t<\/div>\n\t\t\t\t<\/div>\n\t\t\t\t<div class=\"elementor-element elementor-element-5ad8d2f elementor-widget__width-auto elementor-icon-list--layout-traditional elementor-list-item-link-full_width elementor-widget elementor-widget-icon-list\" data-id=\"5ad8d2f\" data-element_type=\"widget\" data-widget_type=\"icon-list.default\">\n\t\t\t\t<div class=\"elementor-widget-container\">\n\t\t\t\t\t\t\t<ul class=\"elementor-icon-list-items\">\n\t\t\t\t\t\t\t<li class=\"elementor-icon-list-item\">\n\t\t\t\t\t\t\t\t\t\t<span class=\"elementor-icon-list-text\">INNE<\/span>\n\t\t\t\t\t\t\t\t\t<\/li>\n\t\t\t\t\t\t<\/ul>\n\t\t\t\t\t\t<\/div>\n\t\t\t\t<\/div>\n\t\t\t\t<div class=\"elementor-element elementor-element-ed5a6e5 elementor-widget__width-inherit elementor-widget elementor-widget-heading\" data-id=\"ed5a6e5\" data-element_type=\"widget\" data-widget_type=\"heading.default\">\n\t\t\t\t<div class=\"elementor-widget-container\">\n\t\t\t\t\t<h2 class=\"elementor-heading-title elementor-size-default\">Makija\u017c okoliczno\u015bciowy<\/h2>\t\t\t\t<\/div>\n\t\t\t\t<\/div>\n\t\t\t\t<div class=\"elementor-element elementor-element-d988237 elementor-widget elementor-widget-text-editor\" data-id=\"d988237\" data-element_type=\"widget\" data-widget_type=\"text-editor.default\">\n\t\t\t\t<div class=\"elementor-widget-container\">\n\t\t\t\t\t\t\t\t\t<p><i><span style=\"font-weight: 400;\">\u201eOd subtelnej elegancji po wyrafinowany makija\u017c wieczorowy \u2013 pi\u0119kno w ka\u017cdym detalu\u201d<\/span><\/i><\/p>\t\t\t\t\t\t\t\t<\/div>\n\t\t\t\t<\/div>\n\t\t\t\t<\/div>\n\t\t\t\t\t<\/div>\n\t\t\t\t<\/div>\n\t\t<div class=\"elementor-element elementor-element-41b2399 e-flex e-con-boxed e-con e-parent\" data-id=\"41b2399\" data-element_type=\"container\">\n\t\t\t\t\t<div class=\"e-con-inner\">\n\t\t<div class=\"elementor-element elementor-element-f724a09 e-con-full e-flex e-con e-child\" data-id=\"f724a09\" data-element_type=\"container\">\n\t\t\t\t<div class=\"elementor-element elementor-element-b1f614b elementor-widget elementor-widget-text-editor\" data-id=\"b1f614b\" data-element_type=\"widget\" data-widget_type=\"text-editor.default\">\n\t\t\t\t<div class=\"elementor-widget-container\">\n\t\t\t\t\t\t\t\t\t<p><span style=\"font-weight: 400;\">Podkre\u015blamy naturalne pi\u0119kno i harmonijnie dopasowujemy makija\u017c do charakteru wydarzenia \u2013 od subtelnych, dziennych stylizacji po elegancki makija\u017c wieczorowy.<\/span><span style=\"font-weight: 400;\"><br \/><\/span><\/p>\t\t\t\t\t\t\t\t<\/div>\n\t\t\t\t<\/div>\n\t\t\t\t<\/div>\n\t\t<div class=\"elementor-element elementor-element-9ddda86 e-con-full e-flex e-con e-child\" data-id=\"9ddda86\" data-element_type=\"container\">\n\t\t\t\t<div class=\"elementor-element elementor-element-c6c8cee elementor-widget elementor-widget-image\" data-id=\"c6c8cee\" data-element_type=\"widget\" data-widget_type=\"image.default\">\n\t\t\t\t<div class=\"elementor-widget-container\">\n\t\t\t\t\t\t\t\t\t\t\t\t\t\t\t<img fetchpriority=\"high\" decoding=\"async\" width=\"2560\" height=\"1707\" src=\"https:\/\/studiometza.com.pl\/wp-content\/uploads\/2025\/12\/zmyslowy-portret-glamour-modelki-pieknej-kobiety-z-codziennym-makijazem-o-ciemnorozowych-ustach-i-czystej-zdrowej-twarzy-scaled.jpg\" class=\"attachment-full size-full wp-image-1216\" alt=\"\" srcset=\"https:\/\/studiometza.com.pl\/wp-content\/uploads\/2025\/12\/zmyslowy-portret-glamour-modelki-pieknej-kobiety-z-codziennym-makijazem-o-ciemnorozowych-ustach-i-czystej-zdrowej-twarzy-scaled.jpg 2560w, https:\/\/studiometza.com.pl\/wp-content\/uploads\/2025\/12\/zmyslowy-portret-glamour-modelki-pieknej-kobiety-z-codziennym-makijazem-o-ciemnorozowych-ustach-i-czystej-zdrowej-twarzy-300x200.jpg 300w, https:\/\/studiometza.com.pl\/wp-content\/uploads\/2025\/12\/zmyslowy-portret-glamour-modelki-pieknej-kobiety-z-codziennym-makijazem-o-ciemnorozowych-ustach-i-czystej-zdrowej-twarzy-1024x683.jpg 1024w, https:\/\/studiometza.com.pl\/wp-content\/uploads\/2025\/12\/zmyslowy-portret-glamour-modelki-pieknej-kobiety-z-codziennym-makijazem-o-ciemnorozowych-ustach-i-czystej-zdrowej-twarzy-768x512.jpg 768w, https:\/\/studiometza.com.pl\/wp-content\/uploads\/2025\/12\/zmyslowy-portret-glamour-modelki-pieknej-kobiety-z-codziennym-makijazem-o-ciemnorozowych-ustach-i-czystej-zdrowej-twarzy-1536x1024.jpg 1536w, https:\/\/studiometza.com.pl\/wp-content\/uploads\/2025\/12\/zmyslowy-portret-glamour-modelki-pieknej-kobiety-z-codziennym-makijazem-o-ciemnorozowych-ustach-i-czystej-zdrowej-twarzy-2048x1366.jpg 2048w\" sizes=\"(max-width: 2560px) 100vw, 2560px\" \/>\t\t\t\t\t\t\t\t\t\t\t\t\t\t\t<\/div>\n\t\t\t\t<\/div>\n\t\t\t\t<\/div>\n\t\t\t\t\t<\/div>\n\t\t\t\t<\/div>\n\t\t<div class=\"elementor-element elementor-element-d80f123 e-flex e-con-boxed e-con e-parent\" data-id=\"d80f123\" data-element_type=\"container\">\n\t\t\t\t\t<div class=\"e-con-inner\">\n\t\t<div class=\"elementor-element elementor-element-89a3a98 e-con-full e-flex e-con e-child\" data-id=\"89a3a98\" data-element_type=\"container\">\n\t\t\t\t<div class=\"elementor-element elementor-element-180002e elementor-widget elementor-widget-image\" data-id=\"180002e\" data-element_type=\"widget\" data-widget_type=\"image.default\">\n\t\t\t\t<div class=\"elementor-widget-container\">\n\t\t\t\t\t\t\t\t\t\t\t\t\t\t\t<img decoding=\"async\" width=\"1707\" height=\"2560\" src=\"https:\/\/studiometza.com.pl\/wp-content\/uploads\/2025\/12\/moda-piekna-dziewczyna-z-jasny-makijaz-wsrod-kwiatow-1-scaled.jpg\" class=\"attachment-full size-full wp-image-1222\" alt=\"\" srcset=\"https:\/\/studiometza.com.pl\/wp-content\/uploads\/2025\/12\/moda-piekna-dziewczyna-z-jasny-makijaz-wsrod-kwiatow-1-scaled.jpg 1707w, https:\/\/studiometza.com.pl\/wp-content\/uploads\/2025\/12\/moda-piekna-dziewczyna-z-jasny-makijaz-wsrod-kwiatow-1-200x300.jpg 200w, https:\/\/studiometza.com.pl\/wp-content\/uploads\/2025\/12\/moda-piekna-dziewczyna-z-jasny-makijaz-wsrod-kwiatow-1-683x1024.jpg 683w, https:\/\/studiometza.com.pl\/wp-content\/uploads\/2025\/12\/moda-piekna-dziewczyna-z-jasny-makijaz-wsrod-kwiatow-1-768x1152.jpg 768w, https:\/\/studiometza.com.pl\/wp-content\/uploads\/2025\/12\/moda-piekna-dziewczyna-z-jasny-makijaz-wsrod-kwiatow-1-1024x1536.jpg 1024w, https:\/\/studiometza.com.pl\/wp-content\/uploads\/2025\/12\/moda-piekna-dziewczyna-z-jasny-makijaz-wsrod-kwiatow-1-1365x2048.jpg 1365w\" sizes=\"(max-width: 1707px) 100vw, 1707px\" \/>\t\t\t\t\t\t\t\t\t\t\t\t\t\t\t<\/div>\n\t\t\t\t<\/div>\n\t\t\t\t<\/div>\n\t\t<div class=\"elementor-element elementor-element-1e0949f e-con-full e-flex e-con e-child\" data-id=\"1e0949f\" data-element_type=\"container\">\n\t\t\t\t<div class=\"elementor-element elementor-element-6350b55 elementor-widget elementor-widget-text-editor\" data-id=\"6350b55\" data-element_type=\"widget\" data-widget_type=\"text-editor.default\">\n\t\t\t\t<div class=\"elementor-widget-container\">\n\t\t\t\t\t\t\t\t\t<p><span style=\"font-weight: 400;\">Delikatny, elegancki, a jednocze\u015bnie wyrazisty \u2013 taki jest nasz <\/span><b>makija\u017c okoliczno\u015bciowy<\/b><span style=\"font-weight: 400;\">, stworzony z my\u015bl\u0105 o wyj\u0105tkowych chwilach. Podkre\u015blamy naturalne pi\u0119kno i harmonijnie dopasowujemy kolory oraz techniki do Twojej urody i charakteru wydarzenia.<\/span><\/p><p><span style=\"font-weight: 400;\">Ka\u017cdy detal jest starannie przemy\u015blany, aby efekt by\u0142 subtelny, a jednocze\u015bnie zachwycaj\u0105cy \u2013 zar\u00f3wno w \u015bwietle dziennym, jak i na zdj\u0119ciach, kt\u00f3re pozostan\u0105 pami\u0105tk\u0105 na lata. To makija\u017c, kt\u00f3ry dodaje pewno\u015bci siebie i pozwala czu\u0107 si\u0119 wyj\u0105tkowo w ka\u017cdej sytuacji.<\/span><\/p>\t\t\t\t\t\t\t\t<\/div>\n\t\t\t\t<\/div>\n\t\t\t\t<\/div>\n\t\t\t\t\t<\/div>\n\t\t\t\t<\/div>\n\t\t<div class=\"elementor-element elementor-element-6debbfb e-flex e-con-boxed e-con e-parent\" data-id=\"6debbfb\" data-element_type=\"container\">\n\t\t\t\t\t<div class=\"e-con-inner\">\n\t\t<div class=\"elementor-element elementor-element-2e12a8a e-con-full e-flex e-con e-child\" data-id=\"2e12a8a\" data-element_type=\"container\">\n\t\t\t\t<div class=\"elementor-element elementor-element-0932241 elementor-widget elementor-widget-heading\" data-id=\"0932241\" data-element_type=\"widget\" data-widget_type=\"heading.default\">\n\t\t\t\t<div class=\"elementor-widget-container\">\n\t\t\t\t\t<h3 class=\"elementor-heading-title elementor-size-default\">Cennik<\/h3>\t\t\t\t<\/div>\n\t\t\t\t<\/div>\n\t\t\t\t<div class=\"elementor-element elementor-element-7b51eb1 elementor-icon-list--layout-traditional elementor-list-item-link-full_width elementor-widget elementor-widget-icon-list\" data-id=\"7b51eb1\" data-element_type=\"widget\" data-widget_type=\"icon-list.default\">\n\t\t\t\t<div class=\"elementor-widget-container\">\n\t\t\t\t\t\t\t<ul class=\"elementor-icon-list-items\">\n\t\t\t\t\t\t\t<li class=\"elementor-icon-list-item\">\n\t\t\t\t\t\t\t\t\t\t\t<span class=\"elementor-icon-list-icon\">\n\t\t\t\t\t\t\t<svg aria-hidden=\"true\" class=\"e-font-icon-svg e-fas-check-circle\" viewBox=\"0 0 512 512\" xmlns=\"http:\/\/www.w3.org\/2000\/svg\"><path d=\"M504 256c0 136.967-111.033 248-248 248S8 392.967 8 256 119.033 8 256 8s248 111.033 248 248zM227.314 387.314l184-184c6.248-6.248 6.248-16.379 0-22.627l-22.627-22.627c-6.248-6.249-16.379-6.249-22.628 0L216 308.118l-70.059-70.059c-6.248-6.248-16.379-6.248-22.628 0l-22.627 22.627c-6.248 6.248-6.248 16.379 0 22.627l104 104c6.249 6.249 16.379 6.249 22.628.001z\"><\/path><\/svg>\t\t\t\t\t\t<\/span>\n\t\t\t\t\t\t\t\t\t\t<span class=\"elementor-icon-list-text\">Makija\u017c wieczorowy: od 150 z\u0142<\/span>\n\t\t\t\t\t\t\t\t\t<\/li>\n\t\t\t\t\t\t\t\t<li class=\"elementor-icon-list-item\">\n\t\t\t\t\t\t\t\t\t\t\t<span class=\"elementor-icon-list-icon\">\n\t\t\t\t\t\t\t<svg aria-hidden=\"true\" class=\"e-font-icon-svg e-fas-check-circle\" viewBox=\"0 0 512 512\" xmlns=\"http:\/\/www.w3.org\/2000\/svg\"><path d=\"M504 256c0 136.967-111.033 248-248 248S8 392.967 8 256 119.033 8 256 8s248 111.033 248 248zM227.314 387.314l184-184c6.248-6.248 6.248-16.379 0-22.627l-22.627-22.627c-6.248-6.249-16.379-6.249-22.628 0L216 308.118l-70.059-70.059c-6.248-6.248-16.379-6.248-22.628 0l-22.627 22.627c-6.248 6.248-6.248 16.379 0 22.627l104 104c6.249 6.249 16.379 6.249 22.628.001z\"><\/path><\/svg>\t\t\t\t\t\t<\/span>\n\t\t\t\t\t\t\t\t\t\t<span class=\"elementor-icon-list-text\">Makija\u017c dzienny: od 120 z\u0142<\/span>\n\t\t\t\t\t\t\t\t\t<\/li>\n\t\t\t\t\t\t<\/ul>\n\t\t\t\t\t\t<\/div>\n\t\t\t\t<\/div>\n\t\t\t\t<\/div>\n\t\t<div class=\"elementor-element elementor-element-7fe8d48 e-con-full e-flex e-con e-child\" data-id=\"7fe8d48\" data-element_type=\"container\">\n\t\t\t\t<div class=\"elementor-element elementor-element-408949d elementor-widget elementor-widget-image\" data-id=\"408949d\" data-element_type=\"widget\" data-widget_type=\"image.default\">\n\t\t\t\t<div class=\"elementor-widget-container\">\n\t\t\t\t\t\t\t\t\t\t\t\t\t\t\t<img decoding=\"async\" width=\"2560\" height=\"1684\" src=\"https:\/\/studiometza.com.pl\/wp-content\/uploads\/2025\/12\/piekny-model-z-dlugimi-rzesami-swiecacy-cien-powiek-scaled.jpg\" class=\"attachment-full size-full wp-image-1217\" alt=\"\" srcset=\"https:\/\/studiometza.com.pl\/wp-content\/uploads\/2025\/12\/piekny-model-z-dlugimi-rzesami-swiecacy-cien-powiek-scaled.jpg 2560w, https:\/\/studiometza.com.pl\/wp-content\/uploads\/2025\/12\/piekny-model-z-dlugimi-rzesami-swiecacy-cien-powiek-300x197.jpg 300w, https:\/\/studiometza.com.pl\/wp-content\/uploads\/2025\/12\/piekny-model-z-dlugimi-rzesami-swiecacy-cien-powiek-1024x674.jpg 1024w, https:\/\/studiometza.com.pl\/wp-content\/uploads\/2025\/12\/piekny-model-z-dlugimi-rzesami-swiecacy-cien-powiek-768x505.jpg 768w, https:\/\/studiometza.com.pl\/wp-content\/uploads\/2025\/12\/piekny-model-z-dlugimi-rzesami-swiecacy-cien-powiek-1536x1010.jpg 1536w, https:\/\/studiometza.com.pl\/wp-content\/uploads\/2025\/12\/piekny-model-z-dlugimi-rzesami-swiecacy-cien-powiek-2048x1347.jpg 2048w\" sizes=\"(max-width: 2560px) 100vw, 2560px\" \/>\t\t\t\t\t\t\t\t\t\t\t\t\t\t\t<\/div>\n\t\t\t\t<\/div>\n\t\t\t\t<\/div>\n\t\t\t\t\t<\/div>\n\t\t\t\t<\/div>\n\t\t\t\t<\/div>\n\t\t","protected":false},"excerpt":{"rendered":"<p>Home \/ Us\u0142ugi \/ INNE Makija\u017c okoliczno\u015bciowy \u201eOd subtelnej elegancji po wyrafinowany makija\u017c wieczorowy \u2013 pi\u0119kno w ka\u017cdym detalu\u201d Podkre\u015blamy naturalne pi\u0119kno i harmonijnie dopasowujemy makija\u017c do charakteru wydarzenia \u2013 od subtelnych, dziennych stylizacji po elegancki makija\u017c wieczorowy. Delikatny, elegancki, a jednocze\u015bnie wyrazisty \u2013 taki jest nasz makija\u017c okoliczno\u015bciowy, stworzony z my\u015bl\u0105 o wyj\u0105tkowych chwilach. [&hellip;]<\/p>\n","protected":false},"author":1,"featured_media":0,"parent":0,"menu_order":0,"comment_status":"closed","ping_status":"closed","template":"elementor_header_footer","meta":{"footnotes":""},"class_list":["post-1214","page","type-page","status-publish","hentry"],"_links":{"self":[{"href":"https:\/\/studiometza.com.pl\/index.php?rest_route=\/wp\/v2\/pages\/1214","targetHints":{"allow":["GET"]}}],"collection":[{"href":"https:\/\/studiometza.com.pl\/index.php?rest_route=\/wp\/v2\/pages"}],"about":[{"href":"https:\/\/studiometza.com.pl\/index.php?rest_route=\/wp\/v2\/types\/page"}],"author":[{"embeddable":true,"href":"https:\/\/studiometza.com.pl\/index.php?rest_route=\/wp\/v2\/users\/1"}],"replies":[{"embeddable":true,"href":"https:\/\/studiometza.com.pl\/index.php?rest_route=%2Fwp%2Fv2%2Fcomments&post=1214"}],"version-history":[{"count":10,"href":"https:\/\/studiometza.com.pl\/index.php?rest_route=\/wp\/v2\/pages\/1214\/revisions"}],"predecessor-version":[{"id":1579,"href":"https:\/\/studiometza.com.pl\/index.php?rest_route=\/wp\/v2\/pages\/1214\/revisions\/1579"}],"wp:attachment":[{"href":"https:\/\/studiometza.com.pl\/index.php?rest_route=%2Fwp%2Fv2%2Fmedia&parent=1214"}],"curies":[{"name":"wp","href":"https:\/\/api.w.org\/{rel}","templated":true}]}}