{"id":457,"date":"2025-07-24T16:03:59","date_gmt":"2025-07-24T14:03:59","guid":{"rendered":"https:\/\/studiometza.com.pl\/?page_id=457"},"modified":"2025-12-22T15:35:42","modified_gmt":"2025-12-22T14:35:42","slug":"zabiegi-na-twarz-infuzja-tlenowa","status":"publish","type":"page","link":"https:\/\/studiometza.com.pl\/?page_id=457","title":{"rendered":"Zabiegi na twarz &#8211; Infuzja tlenowa"},"content":{"rendered":"\t\t<div data-elementor-type=\"wp-page\" data-elementor-id=\"457\" class=\"elementor elementor-457\" data-elementor-post-type=\"page\">\n\t\t\t\t<div class=\"elementor-element elementor-element-80a9142 e-flex e-con-boxed e-con e-parent\" data-id=\"80a9142\" data-element_type=\"container\" data-settings=\"{&quot;background_background&quot;:&quot;classic&quot;}\">\n\t\t\t\t\t<div class=\"e-con-inner\">\n\t\t<div class=\"elementor-element elementor-element-986d7c8 e-con-full e-flex e-con e-child\" data-id=\"986d7c8\" data-element_type=\"container\">\n\t\t\t\t<div class=\"elementor-element elementor-element-50dc029 elementor-widget__width-auto elementor-icon-list--layout-traditional elementor-list-item-link-full_width elementor-widget elementor-widget-icon-list\" data-id=\"50dc029\" data-element_type=\"widget\" data-widget_type=\"icon-list.default\">\n\t\t\t\t<div class=\"elementor-widget-container\">\n\t\t\t\t\t\t\t<ul class=\"elementor-icon-list-items\">\n\t\t\t\t\t\t\t<li class=\"elementor-icon-list-item\">\n\t\t\t\t\t\t\t\t\t\t\t<a href=\"#\">\n\n\t\t\t\t\t\t\t\t\t\t\t<span class=\"elementor-icon-list-text\">Home<\/span>\n\t\t\t\t\t\t\t\t\t\t\t<\/a>\n\t\t\t\t\t\t\t\t\t<\/li>\n\t\t\t\t\t\t<\/ul>\n\t\t\t\t\t\t<\/div>\n\t\t\t\t<\/div>\n\t\t\t\t<div class=\"elementor-element elementor-element-0b82718 elementor-widget__width-auto elementor-widget elementor-widget-heading\" data-id=\"0b82718\" data-element_type=\"widget\" data-widget_type=\"heading.default\">\n\t\t\t\t<div class=\"elementor-widget-container\">\n\t\t\t\t\t<h2 class=\"elementor-heading-title elementor-size-default\">\/<\/h2>\t\t\t\t<\/div>\n\t\t\t\t<\/div>\n\t\t\t\t<div class=\"elementor-element elementor-element-be25f3c elementor-widget__width-auto elementor-icon-list--layout-traditional elementor-list-item-link-full_width elementor-widget elementor-widget-icon-list\" data-id=\"be25f3c\" data-element_type=\"widget\" data-widget_type=\"icon-list.default\">\n\t\t\t\t<div class=\"elementor-widget-container\">\n\t\t\t\t\t\t\t<ul class=\"elementor-icon-list-items\">\n\t\t\t\t\t\t\t<li class=\"elementor-icon-list-item\">\n\t\t\t\t\t\t\t\t\t\t<span class=\"elementor-icon-list-text\">Us\u0142ugi<\/span>\n\t\t\t\t\t\t\t\t\t<\/li>\n\t\t\t\t\t\t<\/ul>\n\t\t\t\t\t\t<\/div>\n\t\t\t\t<\/div>\n\t\t\t\t<div class=\"elementor-element elementor-element-9ebbcc5 elementor-widget__width-auto elementor-widget elementor-widget-heading\" data-id=\"9ebbcc5\" data-element_type=\"widget\" data-widget_type=\"heading.default\">\n\t\t\t\t<div class=\"elementor-widget-container\">\n\t\t\t\t\t<h2 class=\"elementor-heading-title elementor-size-default\">\/<\/h2>\t\t\t\t<\/div>\n\t\t\t\t<\/div>\n\t\t\t\t<div class=\"elementor-element elementor-element-5ad8d2f elementor-widget__width-auto elementor-icon-list--layout-traditional elementor-list-item-link-full_width elementor-widget elementor-widget-icon-list\" data-id=\"5ad8d2f\" data-element_type=\"widget\" data-widget_type=\"icon-list.default\">\n\t\t\t\t<div class=\"elementor-widget-container\">\n\t\t\t\t\t\t\t<ul class=\"elementor-icon-list-items\">\n\t\t\t\t\t\t\t<li class=\"elementor-icon-list-item\">\n\t\t\t\t\t\t\t\t\t\t<span class=\"elementor-icon-list-text\">Zabiegi na twarz<\/span>\n\t\t\t\t\t\t\t\t\t<\/li>\n\t\t\t\t\t\t<\/ul>\n\t\t\t\t\t\t<\/div>\n\t\t\t\t<\/div>\n\t\t\t\t<div class=\"elementor-element elementor-element-ed5a6e5 elementor-widget__width-inherit elementor-widget elementor-widget-heading\" data-id=\"ed5a6e5\" data-element_type=\"widget\" data-widget_type=\"heading.default\">\n\t\t\t\t<div class=\"elementor-widget-container\">\n\t\t\t\t\t<h2 class=\"elementor-heading-title elementor-size-default\">INFUZJA TLENOWA <br\/>- lifting, \u015bwie\u017co\u015b\u0107 i promienno\u015b\u0107!<\/h2>\t\t\t\t<\/div>\n\t\t\t\t<\/div>\n\t\t\t\t<\/div>\n\t\t\t\t\t<\/div>\n\t\t\t\t<\/div>\n\t\t<div class=\"elementor-element elementor-element-41b2399 e-flex e-con-boxed e-con e-parent\" data-id=\"41b2399\" data-element_type=\"container\">\n\t\t\t\t\t<div class=\"e-con-inner\">\n\t\t<div class=\"elementor-element elementor-element-f724a09 e-con-full e-flex e-con e-child\" data-id=\"f724a09\" data-element_type=\"container\">\n\t\t\t\t<div class=\"elementor-element elementor-element-1e8fb75 elementor-widget elementor-widget-heading\" data-id=\"1e8fb75\" data-element_type=\"widget\" data-widget_type=\"heading.default\">\n\t\t\t\t<div class=\"elementor-widget-container\">\n\t\t\t\t\t<h3 class=\"elementor-heading-title elementor-size-default\">Czym jest infuzja tlenowa?<\/h3>\t\t\t\t<\/div>\n\t\t\t\t<\/div>\n\t\t\t\t<div class=\"elementor-element elementor-element-b1f614b elementor-widget elementor-widget-text-editor\" data-id=\"b1f614b\" data-element_type=\"widget\" data-widget_type=\"text-editor.default\">\n\t\t\t\t<div class=\"elementor-widget-container\">\n\t\t\t\t\t\t\t\t\t<p><strong>Infuzja tlenowa<\/strong>, to wspania\u0142y, odm\u0142adzaj\u0105cy zabieg, polegaj\u0105cy na wprowadzeniu substancji aktywnych do g\u0142\u0119bokich warstw sk\u00f3ry za pomoc\u0105 skoncentrowanego tlenu pod zwi\u0119kszonym hiperbarycznym ci\u015bnieniem. Zabieg jest bezinwazyjn\u0105, kosmetyczn\u0105 i bezbolesn\u0105 alternatyw\u0105 dla botoxu. Spektakularne efekty osi\u0105gamy dzi\u0119ki silnie skoncentrowanym sk\u0142adnikom do kt\u00f3rych nale\u017c\u0105 m.in kwas hialuronowy, peptydy, antyoksydanty, wyci\u0105g z jadu w\u0119\u017ca (pseudobotox), witaminy, minera\u0142y oraz ekstrakty z alg.<\/p>\t\t\t\t\t\t\t\t<\/div>\n\t\t\t\t<\/div>\n\t\t\t\t<\/div>\n\t\t<div class=\"elementor-element elementor-element-9ddda86 e-con-full e-flex e-con e-child\" data-id=\"9ddda86\" data-element_type=\"container\">\n\t\t\t\t<div class=\"elementor-element elementor-element-ecbf0d8 elementor-widget elementor-widget-image\" data-id=\"ecbf0d8\" data-element_type=\"widget\" data-widget_type=\"image.default\">\n\t\t\t\t<div class=\"elementor-widget-container\">\n\t\t\t\t\t\t\t\t\t\t\t\t\t\t\t<img fetchpriority=\"high\" decoding=\"async\" width=\"700\" height=\"454\" src=\"https:\/\/studiometza.com.pl\/wp-content\/uploads\/2025\/07\/INFUZJA-TLENOWA-zdjecie-na-strone-z-netu.jpg\" class=\"attachment-full size-full wp-image-459\" alt=\"\" srcset=\"https:\/\/studiometza.com.pl\/wp-content\/uploads\/2025\/07\/INFUZJA-TLENOWA-zdjecie-na-strone-z-netu.jpg 700w, https:\/\/studiometza.com.pl\/wp-content\/uploads\/2025\/07\/INFUZJA-TLENOWA-zdjecie-na-strone-z-netu-300x195.jpg 300w\" sizes=\"(max-width: 700px) 100vw, 700px\" \/>\t\t\t\t\t\t\t\t\t\t\t\t\t\t\t<\/div>\n\t\t\t\t<\/div>\n\t\t\t\t<\/div>\n\t\t\t\t\t<\/div>\n\t\t\t\t<\/div>\n\t\t<div class=\"elementor-element elementor-element-c9ec02b e-flex e-con-boxed e-con e-parent\" data-id=\"c9ec02b\" data-element_type=\"container\" data-settings=\"{&quot;background_background&quot;:&quot;classic&quot;}\">\n\t\t\t\t\t<div class=\"e-con-inner\">\n\t\t<div class=\"elementor-element elementor-element-2d3c0ba e-con-full e-flex e-con e-child\" data-id=\"2d3c0ba\" data-element_type=\"container\">\n\t\t<div class=\"elementor-element elementor-element-ad23c89 e-con-full animated-slow e-flex elementor-invisible e-con e-child\" data-id=\"ad23c89\" data-element_type=\"container\" data-settings=\"{&quot;animation&quot;:&quot;fadeInUp&quot;,&quot;animation_delay&quot;:160}\">\n\t\t<div class=\"elementor-element elementor-element-7c954df e-con-full e-flex e-con e-child\" data-id=\"7c954df\" data-element_type=\"container\">\n\t\t<div class=\"elementor-element elementor-element-8e5e529 e-con-full e-flex e-con e-child\" data-id=\"8e5e529\" data-element_type=\"container\">\n\t\t\t\t<div class=\"elementor-element elementor-element-fa4d87e elementor-widget elementor-widget-heading\" data-id=\"fa4d87e\" data-element_type=\"widget\" data-widget_type=\"heading.default\">\n\t\t\t\t<div class=\"elementor-widget-container\">\n\t\t\t\t\t<h4 class=\"elementor-heading-title elementor-size-default\">Efekty zabiegu<\/h4>\t\t\t\t<\/div>\n\t\t\t\t<\/div>\n\t\t\t\t<div class=\"elementor-element elementor-element-940781c elementor-icon-list--layout-traditional elementor-list-item-link-full_width elementor-widget elementor-widget-icon-list\" data-id=\"940781c\" data-element_type=\"widget\" data-widget_type=\"icon-list.default\">\n\t\t\t\t<div class=\"elementor-widget-container\">\n\t\t\t\t\t\t\t<ul class=\"elementor-icon-list-items\">\n\t\t\t\t\t\t\t<li class=\"elementor-icon-list-item\">\n\t\t\t\t\t\t\t\t\t\t\t<span class=\"elementor-icon-list-icon\">\n\t\t\t\t\t\t\t<svg aria-hidden=\"true\" class=\"e-font-icon-svg e-fas-check-circle\" viewBox=\"0 0 512 512\" xmlns=\"http:\/\/www.w3.org\/2000\/svg\"><path d=\"M504 256c0 136.967-111.033 248-248 248S8 392.967 8 256 119.033 8 256 8s248 111.033 248 248zM227.314 387.314l184-184c6.248-6.248 6.248-16.379 0-22.627l-22.627-22.627c-6.248-6.249-16.379-6.249-22.628 0L216 308.118l-70.059-70.059c-6.248-6.248-16.379-6.248-22.628 0l-22.627 22.627c-6.248 6.248-6.248 16.379 0 22.627l104 104c6.249 6.249 16.379 6.249 22.628.001z\"><\/path><\/svg>\t\t\t\t\t\t<\/span>\n\t\t\t\t\t\t\t\t\t\t<span class=\"elementor-icon-list-text\">wype\u0142nienie zmarszczek<\/span>\n\t\t\t\t\t\t\t\t\t<\/li>\n\t\t\t\t\t\t\t\t<li class=\"elementor-icon-list-item\">\n\t\t\t\t\t\t\t\t\t\t\t<span class=\"elementor-icon-list-icon\">\n\t\t\t\t\t\t\t<svg aria-hidden=\"true\" class=\"e-font-icon-svg e-fas-check-circle\" viewBox=\"0 0 512 512\" xmlns=\"http:\/\/www.w3.org\/2000\/svg\"><path d=\"M504 256c0 136.967-111.033 248-248 248S8 392.967 8 256 119.033 8 256 8s248 111.033 248 248zM227.314 387.314l184-184c6.248-6.248 6.248-16.379 0-22.627l-22.627-22.627c-6.248-6.249-16.379-6.249-22.628 0L216 308.118l-70.059-70.059c-6.248-6.248-16.379-6.248-22.628 0l-22.627 22.627c-6.248 6.248-6.248 16.379 0 22.627l104 104c6.249 6.249 16.379 6.249 22.628.001z\"><\/path><\/svg>\t\t\t\t\t\t<\/span>\n\t\t\t\t\t\t\t\t\t\t<span class=\"elementor-icon-list-text\">g\u0142\u0119bokie nawil\u017cenie na poziomie kom\u00f3rkowym<\/span>\n\t\t\t\t\t\t\t\t\t<\/li>\n\t\t\t\t\t\t\t\t<li class=\"elementor-icon-list-item\">\n\t\t\t\t\t\t\t\t\t\t\t<span class=\"elementor-icon-list-icon\">\n\t\t\t\t\t\t\t<svg aria-hidden=\"true\" class=\"e-font-icon-svg e-fas-check-circle\" viewBox=\"0 0 512 512\" xmlns=\"http:\/\/www.w3.org\/2000\/svg\"><path d=\"M504 256c0 136.967-111.033 248-248 248S8 392.967 8 256 119.033 8 256 8s248 111.033 248 248zM227.314 387.314l184-184c6.248-6.248 6.248-16.379 0-22.627l-22.627-22.627c-6.248-6.249-16.379-6.249-22.628 0L216 308.118l-70.059-70.059c-6.248-6.248-16.379-6.248-22.628 0l-22.627 22.627c-6.248 6.248-6.248 16.379 0 22.627l104 104c6.249 6.249 16.379 6.249 22.628.001z\"><\/path><\/svg>\t\t\t\t\t\t<\/span>\n\t\t\t\t\t\t\t\t\t\t<span class=\"elementor-icon-list-text\">wyg\u0142adzenie okolic oczu<\/span>\n\t\t\t\t\t\t\t\t\t<\/li>\n\t\t\t\t\t\t\t\t<li class=\"elementor-icon-list-item\">\n\t\t\t\t\t\t\t\t\t\t\t<span class=\"elementor-icon-list-icon\">\n\t\t\t\t\t\t\t<svg aria-hidden=\"true\" class=\"e-font-icon-svg e-fas-check-circle\" viewBox=\"0 0 512 512\" xmlns=\"http:\/\/www.w3.org\/2000\/svg\"><path d=\"M504 256c0 136.967-111.033 248-248 248S8 392.967 8 256 119.033 8 256 8s248 111.033 248 248zM227.314 387.314l184-184c6.248-6.248 6.248-16.379 0-22.627l-22.627-22.627c-6.248-6.249-16.379-6.249-22.628 0L216 308.118l-70.059-70.059c-6.248-6.248-16.379-6.248-22.628 0l-22.627 22.627c-6.248 6.248-6.248 16.379 0 22.627l104 104c6.249 6.249 16.379 6.249 22.628.001z\"><\/path><\/svg>\t\t\t\t\t\t<\/span>\n\t\t\t\t\t\t\t\t\t\t<span class=\"elementor-icon-list-text\">wype\u0142nienie ust<\/span>\n\t\t\t\t\t\t\t\t\t<\/li>\n\t\t\t\t\t\t\t\t<li class=\"elementor-icon-list-item\">\n\t\t\t\t\t\t\t\t\t\t\t<span class=\"elementor-icon-list-icon\">\n\t\t\t\t\t\t\t<svg aria-hidden=\"true\" class=\"e-font-icon-svg e-fas-check-circle\" viewBox=\"0 0 512 512\" xmlns=\"http:\/\/www.w3.org\/2000\/svg\"><path d=\"M504 256c0 136.967-111.033 248-248 248S8 392.967 8 256 119.033 8 256 8s248 111.033 248 248zM227.314 387.314l184-184c6.248-6.248 6.248-16.379 0-22.627l-22.627-22.627c-6.248-6.249-16.379-6.249-22.628 0L216 308.118l-70.059-70.059c-6.248-6.248-16.379-6.248-22.628 0l-22.627 22.627c-6.248 6.248-6.248 16.379 0 22.627l104 104c6.249 6.249 16.379 6.249 22.628.001z\"><\/path><\/svg>\t\t\t\t\t\t<\/span>\n\t\t\t\t\t\t\t\t\t\t<span class=\"elementor-icon-list-text\">poprawa struktury, napi\u0119cia i elastyczno\u015bci<\/span>\n\t\t\t\t\t\t\t\t\t<\/li>\n\t\t\t\t\t\t\t\t<li class=\"elementor-icon-list-item\">\n\t\t\t\t\t\t\t\t\t\t\t<span class=\"elementor-icon-list-icon\">\n\t\t\t\t\t\t\t<svg aria-hidden=\"true\" class=\"e-font-icon-svg e-fas-check-circle\" viewBox=\"0 0 512 512\" xmlns=\"http:\/\/www.w3.org\/2000\/svg\"><path d=\"M504 256c0 136.967-111.033 248-248 248S8 392.967 8 256 119.033 8 256 8s248 111.033 248 248zM227.314 387.314l184-184c6.248-6.248 6.248-16.379 0-22.627l-22.627-22.627c-6.248-6.249-16.379-6.249-22.628 0L216 308.118l-70.059-70.059c-6.248-6.248-16.379-6.248-22.628 0l-22.627 22.627c-6.248 6.248-6.248 16.379 0 22.627l104 104c6.249 6.249 16.379 6.249 22.628.001z\"><\/path><\/svg>\t\t\t\t\t\t<\/span>\n\t\t\t\t\t\t\t\t\t\t<span class=\"elementor-icon-list-text\">podniesienie owalu twarzy<\/span>\n\t\t\t\t\t\t\t\t\t<\/li>\n\t\t\t\t\t\t\t\t<li class=\"elementor-icon-list-item\">\n\t\t\t\t\t\t\t\t\t\t\t<span class=\"elementor-icon-list-icon\">\n\t\t\t\t\t\t\t<svg aria-hidden=\"true\" class=\"e-font-icon-svg e-fas-check-circle\" viewBox=\"0 0 512 512\" xmlns=\"http:\/\/www.w3.org\/2000\/svg\"><path d=\"M504 256c0 136.967-111.033 248-248 248S8 392.967 8 256 119.033 8 256 8s248 111.033 248 248zM227.314 387.314l184-184c6.248-6.248 6.248-16.379 0-22.627l-22.627-22.627c-6.248-6.249-16.379-6.249-22.628 0L216 308.118l-70.059-70.059c-6.248-6.248-16.379-6.248-22.628 0l-22.627 22.627c-6.248 6.248-6.248 16.379 0 22.627l104 104c6.249 6.249 16.379 6.249 22.628.001z\"><\/path><\/svg>\t\t\t\t\t\t<\/span>\n\t\t\t\t\t\t\t\t\t\t<span class=\"elementor-icon-list-text\">witalno\u015b\u0107 i m\u0142ody wygl\u0105d<\/span>\n\t\t\t\t\t\t\t\t\t<\/li>\n\t\t\t\t\t\t\t\t<li class=\"elementor-icon-list-item\">\n\t\t\t\t\t\t\t\t\t\t\t<span class=\"elementor-icon-list-icon\">\n\t\t\t\t\t\t\t<svg aria-hidden=\"true\" class=\"e-font-icon-svg e-fas-check-circle\" viewBox=\"0 0 512 512\" xmlns=\"http:\/\/www.w3.org\/2000\/svg\"><path d=\"M504 256c0 136.967-111.033 248-248 248S8 392.967 8 256 119.033 8 256 8s248 111.033 248 248zM227.314 387.314l184-184c6.248-6.248 6.248-16.379 0-22.627l-22.627-22.627c-6.248-6.249-16.379-6.249-22.628 0L216 308.118l-70.059-70.059c-6.248-6.248-16.379-6.248-22.628 0l-22.627 22.627c-6.248 6.248-6.248 16.379 0 22.627l104 104c6.249 6.249 16.379 6.249 22.628.001z\"><\/path><\/svg>\t\t\t\t\t\t<\/span>\n\t\t\t\t\t\t\t\t\t\t<span class=\"elementor-icon-list-text\">rozja\u015bniona i zdrowa sk\u00f3ra<\/span>\n\t\t\t\t\t\t\t\t\t<\/li>\n\t\t\t\t\t\t<\/ul>\n\t\t\t\t\t\t<\/div>\n\t\t\t\t<\/div>\n\t\t\t\t<div class=\"elementor-element elementor-element-5bc388c elementor-widget elementor-widget-text-editor\" data-id=\"5bc388c\" data-element_type=\"widget\" data-widget_type=\"text-editor.default\">\n\t\t\t\t<div class=\"elementor-widget-container\">\n\t\t\t\t\t\t\t\t\t<p>Zabieg infuzji tlenowej daje efekt promiennej, od\u017cywionej i silnie nawil\u017conej sk\u00f3ry. Zmarszczki staj\u0105 si\u0119 mniej widoczne, twarz po serii zabieg\u00f3w ma wyra\u017anie wymodelowany kontur, a sk\u00f3ra jest uj\u0119drniona, napi\u0119ta i g\u0142adsza w dotyku. Opisane rezultaty widoczne s\u0105 ju\u017c po pierwszym zabiegu.<\/p>\t\t\t\t\t\t\t\t<\/div>\n\t\t\t\t<\/div>\n\t\t\t\t<div class=\"elementor-element elementor-element-9fe9006 elementor-widget elementor-widget-heading\" data-id=\"9fe9006\" data-element_type=\"widget\" data-widget_type=\"heading.default\">\n\t\t\t\t<div class=\"elementor-widget-container\">\n\t\t\t\t\t<h4 class=\"elementor-heading-title elementor-size-default\">Dla kogo ten zabieg?<\/h4>\t\t\t\t<\/div>\n\t\t\t\t<\/div>\n\t\t\t\t<div class=\"elementor-element elementor-element-646a2a9 elementor-widget elementor-widget-text-editor\" data-id=\"646a2a9\" data-element_type=\"widget\" data-widget_type=\"text-editor.default\">\n\t\t\t\t<div class=\"elementor-widget-container\">\n\t\t\t\t\t\t\t\t\t<p>Zabieg infuzji tlenowej przeznaczony jest dla ka\u017cdego typu sk\u00f3ry, tak\u017ce m\u0142odej w celu jej ochrony, rewitalizacji oraz regeneracji. Szczeg\u00f3lnie polecany jest osobom borykaj\u0105cym si\u0119 z problemem poszarza\u0142ej, zm\u0119czonej i polu\u017anionej sk\u00f3ry oraz osobom pal\u0105cym.<\/p><p>Efekt jednego zabiegu utrzymuje si\u0119 od 10 dni wzwy\u017c. Sk\u00f3ra nabiera wyra\u017anie m\u0142odszego wygl\u0105du, emanuje zdrowiem i witalno\u015bci\u0105. Zabieg mo\u017ce r\u00f3wnie\u017c sprzyja\u0107 redukcji przebarwie\u0144, plam pigmentacyjnych czy takim mankamentom sk\u00f3ry jak tr\u0105dzik, czy stany zapalne.<\/p>\t\t\t\t\t\t\t\t<\/div>\n\t\t\t\t<\/div>\n\t\t\t\t<div class=\"elementor-element elementor-element-e45860a elementor-widget elementor-widget-heading\" data-id=\"e45860a\" data-element_type=\"widget\" data-widget_type=\"heading.default\">\n\t\t\t\t<div class=\"elementor-widget-container\">\n\t\t\t\t\t<h4 class=\"elementor-heading-title elementor-size-default\">Wskazania do odm\u0142adzaj\u0105cego zabiegu infuzji tlenowej:<\/h4>\t\t\t\t<\/div>\n\t\t\t\t<\/div>\n\t\t\t\t<div class=\"elementor-element elementor-element-07e3809 elementor-widget elementor-widget-text-editor\" data-id=\"07e3809\" data-element_type=\"widget\" data-widget_type=\"text-editor.default\">\n\t\t\t\t<div class=\"elementor-widget-container\">\n\t\t\t\t\t\t\t\t\t<p>odm\u0142adzanie, lifting twarzy, uj\u0119drnianie twarzy, zmniejszenie zmarszczek, rewitalizacja sk\u00f3ry<\/p>\t\t\t\t\t\t\t\t<\/div>\n\t\t\t\t<\/div>\n\t\t\t\t<\/div>\n\t\t<div class=\"elementor-element elementor-element-0416d73 e-con-full e-flex e-con e-child\" data-id=\"0416d73\" data-element_type=\"container\" data-settings=\"{&quot;background_background&quot;:&quot;classic&quot;,&quot;sticky&quot;:&quot;top&quot;,&quot;sticky_parent&quot;:&quot;yes&quot;,&quot;sticky_on&quot;:[&quot;desktop&quot;,&quot;tablet&quot;,&quot;mobile&quot;],&quot;sticky_offset&quot;:0,&quot;sticky_effects_offset&quot;:0,&quot;sticky_anchor_link_offset&quot;:0}\">\n\t\t\t\t<div class=\"elementor-element elementor-element-68c8405 elementor-widget elementor-widget-heading\" data-id=\"68c8405\" data-element_type=\"widget\" data-widget_type=\"heading.default\">\n\t\t\t\t<div class=\"elementor-widget-container\">\n\t\t\t\t\t<h4 class=\"elementor-heading-title elementor-size-default\">Jak wygl\u0105da zabieg?<\/h4>\t\t\t\t<\/div>\n\t\t\t\t<\/div>\n\t\t\t\t<div class=\"elementor-element elementor-element-9249c3d elementor-widget elementor-widget-text-editor\" data-id=\"9249c3d\" data-element_type=\"widget\" data-widget_type=\"text-editor.default\">\n\t\t\t\t<div class=\"elementor-widget-container\">\n\t\t\t\t\t\t\t\t\t<p>Kos\u00adme\u00adtolog wykonu\u00adj\u0105cy zabieg, po wcze\u015bniejszym przygotowanie sk\u00f3ry, rozprowadza ampu\u0142k\u0119 (koktajl, peptyd, serum) ze sk\u0142ad\u00adnikami aktywnymi za pomoc\u0105 aplika\u00adtora. Po zbli\u017ce\u00adniu go na oko\u0142o 1 milimetr wt\u0142acza produkt do niepiel\u0119g\u00adnowanych dot\u0105d warstw sk\u00f3ry, wyko\u00adrzys\u00adtu\u00adj\u0105c no\u015bnik jakim jest tlen pod ci\u015bnieniem. Sk\u00f3ra zaraz po zabiegu mo\u017ce si\u0119 lekko \u015bwieci\u0107, wskazane, aby zaraz po wt\u0142oczeniu jej nie my\u0107 i pozostawi\u0107 produkt najlepiej do wieczora na twarzy.<\/p>\t\t\t\t\t\t\t\t<\/div>\n\t\t\t\t<\/div>\n\t\t\t\t<div class=\"elementor-element elementor-element-dcf7bd1 elementor-widget elementor-widget-heading\" data-id=\"dcf7bd1\" data-element_type=\"widget\" data-widget_type=\"heading.default\">\n\t\t\t\t<div class=\"elementor-widget-container\">\n\t\t\t\t\t<h4 class=\"elementor-heading-title elementor-size-default\">Jakie odczucia towarzysz\u0105 zabiegowi?<\/h4>\t\t\t\t<\/div>\n\t\t\t\t<\/div>\n\t\t\t\t<div class=\"elementor-element elementor-element-7a9f3ee elementor-widget elementor-widget-text-editor\" data-id=\"7a9f3ee\" data-element_type=\"widget\" data-widget_type=\"text-editor.default\">\n\t\t\t\t<div class=\"elementor-widget-container\">\n\t\t\t\t\t\t\t\t\t<p>Zabieg jest ca\u0142kowicie bezbolesny. Towarzyszy mu uczu\u00adcie lekkiego \u201epowiewu po sk\u00f3rze\u201d. Czas trwania zabiegu w zale\u017cno\u015bci od obszaru trwa od 40 min \u2013 1,5 godziny.<\/p>\t\t\t\t\t\t\t\t<\/div>\n\t\t\t\t<\/div>\n\t\t\t\t<div class=\"elementor-element elementor-element-14403fd elementor-widget elementor-widget-heading\" data-id=\"14403fd\" data-element_type=\"widget\" data-widget_type=\"heading.default\">\n\t\t\t\t<div class=\"elementor-widget-container\">\n\t\t\t\t\t<h4 class=\"elementor-heading-title elementor-size-default\">Jak cz\u0119sto wykonywa\u0107 zabieg?<\/h4>\t\t\t\t<\/div>\n\t\t\t\t<\/div>\n\t\t\t\t<div class=\"elementor-element elementor-element-d27acc9 elementor-widget elementor-widget-text-editor\" data-id=\"d27acc9\" data-element_type=\"widget\" data-widget_type=\"text-editor.default\">\n\t\t\t\t<div class=\"elementor-widget-container\">\n\t\t\t\t\t\t\t\t\t<p>Najlepsze efekty uzyskamy wybieraj\u0105c seri\u0119 6 zabieg\u00f3w, wykonywanych raz w tygodniu. Taki cykl powinien by\u0107 powtarzany dwa razy w roku, w celu utrzymania optymalnego efektu. Zaleca si\u0119 tak\u017ce jeden zabieg infuzji tlenowej w miesi\u0105cu dla podtrzymania efekt\u00f3w serii. Zabieg ten przed\u0142u\u017ca r\u00f3wnie\u017c dzia\u0142anie iniekcji i innych zabieg\u00f3w estetycznych, terapii laserowych czy np. radiofrekwencji mikroig\u0142owej. <br \/>Nale\u017cy tak\u017ce do zabieg\u00f3w bankietowych, wi\u0119c warto go wykonywa\u0107 przed szczeg\u00f3lnymi wydarzeniami, kiedy wiemy, \u017ce musimy szczeg\u00f3lnie pi\u0119knie wygl\u0105da\u0107.<\/p>\t\t\t\t\t\t\t\t<\/div>\n\t\t\t\t<\/div>\n\t\t\t\t<\/div>\n\t\t\t\t<\/div>\n\t\t\t\t<\/div>\n\t\t\t\t<\/div>\n\t\t\t\t\t<\/div>\n\t\t\t\t<\/div>\n\t\t<div class=\"elementor-element elementor-element-b1be12b e-flex e-con-boxed e-con e-parent\" data-id=\"b1be12b\" data-element_type=\"container\">\n\t\t\t\t\t<div class=\"e-con-inner\">\n\t\t\t\t<div class=\"elementor-element elementor-element-82aaf10 elementor-widget elementor-widget-heading\" data-id=\"82aaf10\" data-element_type=\"widget\" data-widget_type=\"heading.default\">\n\t\t\t\t<div class=\"elementor-widget-container\">\n\t\t\t\t\t<h3 class=\"elementor-heading-title elementor-size-default\">Cennik<\/h3>\t\t\t\t<\/div>\n\t\t\t\t<\/div>\n\t\t\t\t<div class=\"elementor-element elementor-element-ea0e74f elementor-widget elementor-widget-tablepress-table\" data-id=\"ea0e74f\" data-element_type=\"widget\" data-widget_type=\"tablepress-table.default\">\n\t\t\t\t\t\n<table id=\"tablepress-20\" class=\"tablepress tablepress-id-20\">\n<thead>\n<tr class=\"row-1\">\n\t<th class=\"column-1\">Nazwa zabiegu<br \/>\n<\/th><th class=\"column-2\">Zabieg pojedynczy<\/th><th class=\"column-3\">4 zabiegi PAKIET STANDARD<\/th><th class=\"column-4\">Czas trwania zabiegu<\/th>\n<\/tr>\n<\/thead>\n<tbody class=\"row-striping row-hover\">\n<tr class=\"row-2\">\n\t<td class=\"column-1\">Twarz<\/td><td class=\"column-2\">Od 250 z\u0142<\/td><td class=\"column-3\">800 z\u0142<\/td><td class=\"column-4\">40 min<\/td>\n<\/tr>\n<tr class=\"row-3\">\n\t<td class=\"column-1\">Twarz + szyja<\/td><td class=\"column-2\">Od 280 z\u0142<\/td><td class=\"column-3\">896 z\u0142<\/td><td class=\"column-4\">50 min<\/td>\n<\/tr>\n<tr class=\"row-4\">\n\t<td class=\"column-1\">Twarz + szyja + dekolt<\/td><td class=\"column-2\">Od 300 z\u0142<\/td><td class=\"column-3\">960 z\u0142<\/td><td class=\"column-4\">60 min<\/td>\n<\/tr>\n<\/tbody>\n<\/table>\n<!-- #tablepress-20 from cache -->\t\t\t\t<\/div>\n\t\t\t\t\t<\/div>\n\t\t\t\t<\/div>\n\t\t\t\t<\/div>\n\t\t","protected":false},"excerpt":{"rendered":"<p>Home \/ Us\u0142ugi \/ Zabiegi na twarz INFUZJA TLENOWA &#8211; lifting, \u015bwie\u017co\u015b\u0107 i promienno\u015b\u0107! Czym jest infuzja tlenowa? Infuzja tlenowa, to wspania\u0142y, odm\u0142adzaj\u0105cy zabieg, polegaj\u0105cy na wprowadzeniu substancji aktywnych do g\u0142\u0119bokich warstw sk\u00f3ry za pomoc\u0105 skoncentrowanego tlenu pod zwi\u0119kszonym hiperbarycznym ci\u015bnieniem. Zabieg jest bezinwazyjn\u0105, kosmetyczn\u0105 i bezbolesn\u0105 alternatyw\u0105 dla botoxu. Spektakularne efekty osi\u0105gamy dzi\u0119ki silnie [&hellip;]<\/p>\n","protected":false},"author":1,"featured_media":0,"parent":0,"menu_order":0,"comment_status":"closed","ping_status":"closed","template":"elementor_header_footer","meta":{"footnotes":""},"class_list":["post-457","page","type-page","status-publish","hentry"],"_links":{"self":[{"href":"https:\/\/studiometza.com.pl\/index.php?rest_route=\/wp\/v2\/pages\/457","targetHints":{"allow":["GET"]}}],"collection":[{"href":"https:\/\/studiometza.com.pl\/index.php?rest_route=\/wp\/v2\/pages"}],"about":[{"href":"https:\/\/studiometza.com.pl\/index.php?rest_route=\/wp\/v2\/types\/page"}],"author":[{"embeddable":true,"href":"https:\/\/studiometza.com.pl\/index.php?rest_route=\/wp\/v2\/users\/1"}],"replies":[{"embeddable":true,"href":"https:\/\/studiometza.com.pl\/index.php?rest_route=%2Fwp%2Fv2%2Fcomments&post=457"}],"version-history":[{"count":16,"href":"https:\/\/studiometza.com.pl\/index.php?rest_route=\/wp\/v2\/pages\/457\/revisions"}],"predecessor-version":[{"id":1516,"href":"https:\/\/studiometza.com.pl\/index.php?rest_route=\/wp\/v2\/pages\/457\/revisions\/1516"}],"wp:attachment":[{"href":"https:\/\/studiometza.com.pl\/index.php?rest_route=%2Fwp%2Fv2%2Fmedia&parent=457"}],"curies":[{"name":"wp","href":"https:\/\/api.w.org\/{rel}","templated":true}]}}