{"id":786,"date":"2025-07-28T13:31:24","date_gmt":"2025-07-28T11:31:24","guid":{"rendered":"https:\/\/studiometza.com.pl\/?page_id=786"},"modified":"2025-12-22T15:41:51","modified_gmt":"2025-12-22T14:41:51","slug":"cennik-zabiegi-na-cialo","status":"publish","type":"page","link":"https:\/\/studiometza.com.pl\/?page_id=786","title":{"rendered":"Cennik &#8211; zabiegi na cia\u0142o"},"content":{"rendered":"\t\t<div data-elementor-type=\"wp-page\" data-elementor-id=\"786\" class=\"elementor elementor-786\" data-elementor-post-type=\"page\">\n\t\t\t\t<div class=\"elementor-element elementor-element-31a0707 e-flex e-con-boxed e-con e-parent\" data-id=\"31a0707\" data-element_type=\"container\" data-settings=\"{&quot;background_background&quot;:&quot;classic&quot;}\">\n\t\t\t\t\t<div class=\"e-con-inner\">\n\t\t<div class=\"elementor-element elementor-element-fd8846d e-con-full e-flex e-con e-child\" data-id=\"fd8846d\" data-element_type=\"container\">\n\t\t\t\t<div class=\"elementor-element elementor-element-a4d2d4d elementor-widget__width-auto elementor-icon-list--layout-traditional elementor-list-item-link-full_width elementor-widget elementor-widget-icon-list\" data-id=\"a4d2d4d\" data-element_type=\"widget\" data-widget_type=\"icon-list.default\">\n\t\t\t\t<div class=\"elementor-widget-container\">\n\t\t\t\t\t\t\t<ul class=\"elementor-icon-list-items\">\n\t\t\t\t\t\t\t<li class=\"elementor-icon-list-item\">\n\t\t\t\t\t\t\t\t\t\t\t<a href=\"#\">\n\n\t\t\t\t\t\t\t\t\t\t\t<span class=\"elementor-icon-list-text\">Home<\/span>\n\t\t\t\t\t\t\t\t\t\t\t<\/a>\n\t\t\t\t\t\t\t\t\t<\/li>\n\t\t\t\t\t\t<\/ul>\n\t\t\t\t\t\t<\/div>\n\t\t\t\t<\/div>\n\t\t\t\t<div class=\"elementor-element elementor-element-5c9c5c0 elementor-widget__width-auto elementor-widget elementor-widget-heading\" data-id=\"5c9c5c0\" data-element_type=\"widget\" data-widget_type=\"heading.default\">\n\t\t\t\t<div class=\"elementor-widget-container\">\n\t\t\t\t\t<h2 class=\"elementor-heading-title elementor-size-default\">\/<\/h2>\t\t\t\t<\/div>\n\t\t\t\t<\/div>\n\t\t\t\t<div class=\"elementor-element elementor-element-60d9233 elementor-widget__width-auto elementor-icon-list--layout-traditional elementor-list-item-link-full_width elementor-widget elementor-widget-icon-list\" data-id=\"60d9233\" data-element_type=\"widget\" data-widget_type=\"icon-list.default\">\n\t\t\t\t<div class=\"elementor-widget-container\">\n\t\t\t\t\t\t\t<ul class=\"elementor-icon-list-items\">\n\t\t\t\t\t\t\t<li class=\"elementor-icon-list-item\">\n\t\t\t\t\t\t\t\t\t\t<span class=\"elementor-icon-list-text\">Cennik<\/span>\n\t\t\t\t\t\t\t\t\t<\/li>\n\t\t\t\t\t\t<\/ul>\n\t\t\t\t\t\t<\/div>\n\t\t\t\t<\/div>\n\t\t\t\t<div class=\"elementor-element elementor-element-267c303 elementor-widget__width-inherit elementor-widget elementor-widget-heading\" data-id=\"267c303\" data-element_type=\"widget\" data-widget_type=\"heading.default\">\n\t\t\t\t<div class=\"elementor-widget-container\">\n\t\t\t\t\t<h2 class=\"elementor-heading-title elementor-size-default\">Zabiegi na cia\u0142o<\/h2>\t\t\t\t<\/div>\n\t\t\t\t<\/div>\n\t\t\t\t<div class=\"elementor-element elementor-element-001bd73 elementor-align-center elementor-widget elementor-widget-button\" data-id=\"001bd73\" data-element_type=\"widget\" data-widget_type=\"button.default\">\n\t\t\t\t<div class=\"elementor-widget-container\">\n\t\t\t\t\t\t\t\t\t<div class=\"elementor-button-wrapper\">\n\t\t\t\t\t<a class=\"elementor-button elementor-button-link elementor-size-sm\" href=\"https:\/\/studiometza.com.pl\/wp-content\/uploads\/2025\/04\/CENNIK_ksiC485C5BCeczka.pdf\">\n\t\t\t\t\t\t<span class=\"elementor-button-content-wrapper\">\n\t\t\t\t\t\t\t\t\t<span class=\"elementor-button-text\">Pobierz cennik<\/span>\n\t\t\t\t\t<\/span>\n\t\t\t\t\t<\/a>\n\t\t\t\t<\/div>\n\t\t\t\t\t\t\t\t<\/div>\n\t\t\t\t<\/div>\n\t\t\t\t<\/div>\n\t\t\t\t\t<\/div>\n\t\t\t\t<\/div>\n\t\t<div class=\"elementor-element elementor-element-5bc3ce7 e-flex e-con-boxed e-con e-parent\" data-id=\"5bc3ce7\" data-element_type=\"container\" data-settings=\"{&quot;background_background&quot;:&quot;classic&quot;,&quot;sticky&quot;:&quot;top&quot;,&quot;sticky_on&quot;:[&quot;desktop&quot;,&quot;tablet&quot;,&quot;mobile&quot;],&quot;sticky_offset&quot;:0,&quot;sticky_effects_offset&quot;:0,&quot;sticky_anchor_link_offset&quot;:0}\">\n\t\t\t\t\t<div class=\"e-con-inner\">\n\t\t\t\t<div class=\"elementor-element elementor-element-9054f0d elementor-align-center elementor-widget elementor-widget-button\" data-id=\"9054f0d\" data-element_type=\"widget\" data-widget_type=\"button.default\">\n\t\t\t\t<div class=\"elementor-widget-container\">\n\t\t\t\t\t\t\t\t\t<div class=\"elementor-button-wrapper\">\n\t\t\t\t\t<a class=\"elementor-button elementor-button-link elementor-size-sm\" href=\"#modente\">\n\t\t\t\t\t\t<span class=\"elementor-button-content-wrapper\">\n\t\t\t\t\t\t\t\t\t<span class=\"elementor-button-text\">ANTYCELLULITOWY ZABIEG NA CIA\u0141O - MODENTE<\/span>\n\t\t\t\t\t<\/span>\n\t\t\t\t\t<\/a>\n\t\t\t\t<\/div>\n\t\t\t\t\t\t\t\t<\/div>\n\t\t\t\t<\/div>\n\t\t\t\t<div class=\"elementor-element elementor-element-81b7ae7 elementor-align-center elementor-widget elementor-widget-button\" data-id=\"81b7ae7\" data-element_type=\"widget\" data-widget_type=\"button.default\">\n\t\t\t\t<div class=\"elementor-widget-container\">\n\t\t\t\t\t\t\t\t\t<div class=\"elementor-button-wrapper\">\n\t\t\t\t\t<a class=\"elementor-button elementor-button-link elementor-size-sm\" href=\"#mezoterapia\">\n\t\t\t\t\t\t<span class=\"elementor-button-content-wrapper\">\n\t\t\t\t\t\t\t\t\t<span class=\"elementor-button-text\">RF MIKROIG\u0141OWY NA CIA\u0141O<\/span>\n\t\t\t\t\t<\/span>\n\t\t\t\t\t<\/a>\n\t\t\t\t<\/div>\n\t\t\t\t\t\t\t\t<\/div>\n\t\t\t\t<\/div>\n\t\t\t\t<div class=\"elementor-element elementor-element-bce4c72 elementor-align-center elementor-widget elementor-widget-button\" data-id=\"bce4c72\" data-element_type=\"widget\" data-widget_type=\"button.default\">\n\t\t\t\t<div class=\"elementor-widget-container\">\n\t\t\t\t\t\t\t\t\t<div class=\"elementor-button-wrapper\">\n\t\t\t\t\t<a class=\"elementor-button elementor-button-link elementor-size-sm\" href=\"#dermation\">\n\t\t\t\t\t\t<span class=\"elementor-button-content-wrapper\">\n\t\t\t\t\t\t\t\t\t<span class=\"elementor-button-text\">WYSZCZUPLAJ\u0104CY ZABIEG NA CIA\u0141O - DERMAORGANIC<\/span>\n\t\t\t\t\t<\/span>\n\t\t\t\t\t<\/a>\n\t\t\t\t<\/div>\n\t\t\t\t\t\t\t\t<\/div>\n\t\t\t\t<\/div>\n\t\t\t\t<div class=\"elementor-element elementor-element-58beaff elementor-align-center elementor-widget elementor-widget-button\" data-id=\"58beaff\" data-element_type=\"widget\" data-widget_type=\"button.default\">\n\t\t\t\t<div class=\"elementor-widget-container\">\n\t\t\t\t\t\t\t\t\t<div class=\"elementor-button-wrapper\">\n\t\t\t\t\t<a class=\"elementor-button elementor-button-link elementor-size-sm\" href=\"#mezoterapia\">\n\t\t\t\t\t\t<span class=\"elementor-button-content-wrapper\">\n\t\t\t\t\t\t\t\t\t<span class=\"elementor-button-text\">MEZOTERAPIA BEZIG\u0141OWA DERMATION\u00ae<\/span>\n\t\t\t\t\t<\/span>\n\t\t\t\t\t<\/a>\n\t\t\t\t<\/div>\n\t\t\t\t\t\t\t\t<\/div>\n\t\t\t\t<\/div>\n\t\t\t\t\t<\/div>\n\t\t\t\t<\/div>\n\t\t<div class=\"elementor-element elementor-element-411de3a e-flex e-con-boxed e-con e-parent\" data-id=\"411de3a\" data-element_type=\"container\" id=\"modente\">\n\t\t\t\t\t<div class=\"e-con-inner\">\n\t\t<div class=\"elementor-element elementor-element-0ee9543 e-con-full e-flex e-con e-child\" data-id=\"0ee9543\" data-element_type=\"container\">\n\t\t\t\t<div class=\"elementor-element elementor-element-2f1c4b9 elementor-widget elementor-widget-heading\" data-id=\"2f1c4b9\" data-element_type=\"widget\" data-widget_type=\"heading.default\">\n\t\t\t\t<div class=\"elementor-widget-container\">\n\t\t\t\t\t<h2 class=\"elementor-heading-title elementor-size-default\">ANTYCELLULITOWY ZABIEG NA CIA\u0141O \u2013 MODENTE\u00ae<\/h2>\t\t\t\t<\/div>\n\t\t\t\t<\/div>\n\t\t\t\t<div class=\"elementor-element elementor-element-5747fc5 elementor-widget elementor-widget-tablepress-table\" data-id=\"5747fc5\" data-element_type=\"widget\" data-widget_type=\"tablepress-table.default\">\n\t\t\t\t\t\n<table id=\"tablepress-43\" class=\"tablepress tablepress-id-43\">\n<thead>\n<tr class=\"row-1\">\n\t<th class=\"column-1\">RF, IR, drena\u017c limfatyczny - modelowanie cia\u0142a, redukcja tkanki t\u0142uszczowej i cellulitu<\/th><th class=\"column-2\">Zabieg pojedynczy<\/th><th class=\"column-3\">4 zabiegi PAKIET STANDARD<\/th><th class=\"column-4\">Czas trwania zabiegu<\/th>\n<\/tr>\n<\/thead>\n<tbody class=\"row-striping row-hover\">\n<tr class=\"row-2\">\n\t<td class=\"column-1\">Uda + po\u015bladki \/ brzuch \/ plecy<\/td><td class=\"column-2\">200 z\u0142<\/td><td class=\"column-3\">650 z\u0142<\/td><td class=\"column-4\">40 min<\/td>\n<\/tr>\n<tr class=\"row-3\">\n\t<td class=\"column-1\">Ramiona (pelikany)<\/td><td class=\"column-2\">100 z\u0142<\/td><td class=\"column-3\">320 z\u0142<\/td><td class=\"column-4\">20 min<\/td>\n<\/tr>\n<tr class=\"row-4\">\n\t<td class=\"column-1\">Nogi (ca\u0142e)<\/td><td class=\"column-2\">300 z\u0142<\/td><td class=\"column-3\">960 z\u0142<\/td><td class=\"column-4\">60 min<\/td>\n<\/tr>\n<\/tbody>\n<\/table>\n<!-- #tablepress-43 from cache -->\t\t\t\t<\/div>\n\t\t\t\t<\/div>\n\t\t<div class=\"elementor-element elementor-element-bfed63e e-con-full e-flex e-con e-child\" data-id=\"bfed63e\" data-element_type=\"container\">\n\t\t\t\t<div class=\"elementor-element elementor-element-b66df5d elementor-widget elementor-widget-image\" data-id=\"b66df5d\" data-element_type=\"widget\" data-widget_type=\"image.default\">\n\t\t\t\t<div class=\"elementor-widget-container\">\n\t\t\t\t\t\t\t\t\t\t\t\t\t\t\t<img fetchpriority=\"high\" decoding=\"async\" width=\"743\" height=\"1024\" src=\"https:\/\/studiometza.com.pl\/wp-content\/uploads\/2025\/08\/6956721-743x1024.jpg\" class=\"attachment-large size-large wp-image-1040\" alt=\"\" srcset=\"https:\/\/studiometza.com.pl\/wp-content\/uploads\/2025\/08\/6956721-743x1024.jpg 743w, https:\/\/studiometza.com.pl\/wp-content\/uploads\/2025\/08\/6956721-218x300.jpg 218w, https:\/\/studiometza.com.pl\/wp-content\/uploads\/2025\/08\/6956721-768x1059.jpg 768w, https:\/\/studiometza.com.pl\/wp-content\/uploads\/2025\/08\/6956721.jpg 1088w\" sizes=\"(max-width: 743px) 100vw, 743px\" \/>\t\t\t\t\t\t\t\t\t\t\t\t\t\t\t<\/div>\n\t\t\t\t<\/div>\n\t\t\t\t<\/div>\n\t\t\t\t\t<\/div>\n\t\t\t\t<\/div>\n\t\t<div class=\"elementor-element elementor-element-9d5726a e-flex e-con-boxed e-con e-parent\" data-id=\"9d5726a\" data-element_type=\"container\" id=\"mezoterapia\">\n\t\t\t\t\t<div class=\"e-con-inner\">\n\t\t<div class=\"elementor-element elementor-element-7fa6037 e-con-full e-flex e-con e-child\" data-id=\"7fa6037\" data-element_type=\"container\">\n\t\t\t\t<div class=\"elementor-element elementor-element-3c2e8d4 elementor-widget elementor-widget-image\" data-id=\"3c2e8d4\" data-element_type=\"widget\" data-widget_type=\"image.default\">\n\t\t\t\t<div class=\"elementor-widget-container\">\n\t\t\t\t\t\t\t\t\t\t\t\t\t\t\t<img decoding=\"async\" width=\"800\" height=\"534\" src=\"https:\/\/studiometza.com.pl\/wp-content\/uploads\/2025\/08\/583-1024x683.jpg\" class=\"attachment-large size-large wp-image-1041\" alt=\"\" srcset=\"https:\/\/studiometza.com.pl\/wp-content\/uploads\/2025\/08\/583-1024x683.jpg 1024w, https:\/\/studiometza.com.pl\/wp-content\/uploads\/2025\/08\/583-300x200.jpg 300w, https:\/\/studiometza.com.pl\/wp-content\/uploads\/2025\/08\/583-768x512.jpg 768w, https:\/\/studiometza.com.pl\/wp-content\/uploads\/2025\/08\/583.jpg 1500w\" sizes=\"(max-width: 800px) 100vw, 800px\" \/>\t\t\t\t\t\t\t\t\t\t\t\t\t\t\t<\/div>\n\t\t\t\t<\/div>\n\t\t\t\t<\/div>\n\t\t<div class=\"elementor-element elementor-element-26503aa e-con-full e-flex e-con e-child\" data-id=\"26503aa\" data-element_type=\"container\">\n\t\t\t\t<div class=\"elementor-element elementor-element-e5f1226 elementor-widget elementor-widget-heading\" data-id=\"e5f1226\" data-element_type=\"widget\" data-widget_type=\"heading.default\">\n\t\t\t\t<div class=\"elementor-widget-container\">\n\t\t\t\t\t<h2 class=\"elementor-heading-title elementor-size-default\">RF MIKROIG\u0141OWY NA CIA\u0141O <\/h2>\t\t\t\t<\/div>\n\t\t\t\t<\/div>\n\t\t\t\t<div class=\"elementor-element elementor-element-e0c140b elementor-widget elementor-widget-tablepress-table\" data-id=\"e0c140b\" data-element_type=\"widget\" data-widget_type=\"tablepress-table.default\">\n\t\t\t\t\t\n<table id=\"tablepress-44\" class=\"tablepress tablepress-id-44\">\n<thead>\n<tr class=\"row-1\">\n\t<th class=\"column-1\">Zabieg liftinguj\u0105co \u2013 napinaj\u0105cy, zag\u0119szczaj\u0105cy sk\u00f3r\u0119<\/th><th class=\"column-2\">Zabieg pojedynczy<\/th><th class=\"column-3\">3 zabiegi PAKIET STANDARD<\/th><th class=\"column-4\">Czas trwania zabiegu<\/th>\n<\/tr>\n<\/thead>\n<tbody class=\"row-striping row-hover\">\n<tr class=\"row-2\">\n\t<td class=\"column-1\">brzuch<\/td><td class=\"column-2\">800 z\u0142<\/td><td class=\"column-3\">1920 z\u0142<\/td><td class=\"column-4\">60 min<\/td>\n<\/tr>\n<tr class=\"row-3\">\n\t<td class=\"column-1\">po\u015bladki<\/td><td class=\"column-2\">1000 z\u0142<\/td><td class=\"column-3\">2400 z\u0142<\/td><td class=\"column-4\">60 min<\/td>\n<\/tr>\n<tr class=\"row-4\">\n\t<td class=\"column-1\">Uda (\u015brodek, prz\u00f3d, ty\u0142)<\/td><td class=\"column-2\">1300 z\u0142<\/td><td class=\"column-3\">3120 z\u0142<\/td><td class=\"column-4\">60 min<\/td>\n<\/tr>\n<tr class=\"row-5\">\n\t<td class=\"column-1\">Okolica nad kolanami<\/td><td class=\"column-2\">600 z\u0142<\/td><td class=\"column-3\">1350 z\u0142<\/td><td class=\"column-4\">20 min<\/td>\n<\/tr>\n<tr class=\"row-6\">\n\t<td class=\"column-1\">Ramiona (pelikany)<\/td><td class=\"column-2\">700 z\u0142<\/td><td class=\"column-3\">1680 z\u0142<\/td><td class=\"column-4\">30 min<\/td>\n<\/tr>\n<\/tbody>\n<\/table>\n<!-- #tablepress-44 from cache -->\t\t\t\t<\/div>\n\t\t\t\t<\/div>\n\t\t\t\t\t<\/div>\n\t\t\t\t<\/div>\n\t\t<div class=\"elementor-element elementor-element-2359333 e-flex e-con-boxed e-con e-parent\" data-id=\"2359333\" data-element_type=\"container\" id=\"dermation\">\n\t\t\t\t\t<div class=\"e-con-inner\">\n\t\t<div class=\"elementor-element elementor-element-eb1675e e-con-full e-flex e-con e-child\" data-id=\"eb1675e\" data-element_type=\"container\">\n\t\t\t\t<div class=\"elementor-element elementor-element-2839dfc elementor-widget elementor-widget-heading\" data-id=\"2839dfc\" data-element_type=\"widget\" data-widget_type=\"heading.default\">\n\t\t\t\t<div class=\"elementor-widget-container\">\n\t\t\t\t\t<h2 class=\"elementor-heading-title elementor-size-default\"><b>DERMATION\u00ae NA CIA\u0141O <\/b><\/h2>\t\t\t\t<\/div>\n\t\t\t\t<\/div>\n\t\t\t\t<div class=\"elementor-element elementor-element-e5131c4 elementor-widget elementor-widget-tablepress-table\" data-id=\"e5131c4\" data-element_type=\"widget\" data-widget_type=\"tablepress-table.default\">\n\t\t\t\t\t\n<table id=\"tablepress-45\" class=\"tablepress tablepress-id-45\">\n<thead>\n<tr class=\"row-1\">\n\t<th class=\"column-1\">zabieg transdermalporacji<\/th><th class=\"column-2\">Zabieg pojedynczy<\/th><th class=\"column-3\">4 zabiegi PAKIET STANDARD<\/th><th class=\"column-4\">Czas trwania zabiegu<\/th>\n<\/tr>\n<\/thead>\n<tbody class=\"row-striping row-hover\">\n<tr class=\"row-2\">\n\t<td class=\"column-1\">Advanced Slimming Coctail - wyszczuplaj\u0105cy, antycellulitowy, modeluj\u0105cy cia\u0142o brzuch \/ uda \/ po\u015bladki<\/td><td class=\"column-2\">Od 450 z\u0142<\/td><td class=\"column-3\">1450 z\u0142<\/td><td class=\"column-4\">60 min<\/td>\n<\/tr>\n<\/tbody>\n<\/table>\n<!-- #tablepress-45 from cache -->\t\t\t\t<\/div>\n\t\t\t\t<\/div>\n\t\t<div class=\"elementor-element elementor-element-f29de47 e-con-full e-flex e-con e-child\" data-id=\"f29de47\" data-element_type=\"container\">\n\t\t\t\t<div class=\"elementor-element elementor-element-fbb2abd elementor-widget elementor-widget-image\" data-id=\"fbb2abd\" data-element_type=\"widget\" data-widget_type=\"image.default\">\n\t\t\t\t<div class=\"elementor-widget-container\">\n\t\t\t\t\t\t\t\t\t\t\t\t\t\t\t<img decoding=\"async\" width=\"800\" height=\"916\" src=\"https:\/\/studiometza.com.pl\/wp-content\/uploads\/2025\/08\/13031-894x1024.jpg\" class=\"attachment-large size-large wp-image-1042\" alt=\"\" srcset=\"https:\/\/studiometza.com.pl\/wp-content\/uploads\/2025\/08\/13031-894x1024.jpg 894w, https:\/\/studiometza.com.pl\/wp-content\/uploads\/2025\/08\/13031-262x300.jpg 262w, https:\/\/studiometza.com.pl\/wp-content\/uploads\/2025\/08\/13031-768x879.jpg 768w, https:\/\/studiometza.com.pl\/wp-content\/uploads\/2025\/08\/13031.jpg 1310w\" sizes=\"(max-width: 800px) 100vw, 800px\" \/>\t\t\t\t\t\t\t\t\t\t\t\t\t\t\t<\/div>\n\t\t\t\t<\/div>\n\t\t\t\t<\/div>\n\t\t\t\t\t<\/div>\n\t\t\t\t<\/div>\n\t\t<div class=\"elementor-element elementor-element-278caf0 e-flex e-con-boxed e-con e-parent\" data-id=\"278caf0\" data-element_type=\"container\">\n\t\t\t\t\t<div class=\"e-con-inner\">\n\t\t<div class=\"elementor-element elementor-element-5397ca8 e-con-full e-flex e-con e-child\" data-id=\"5397ca8\" data-element_type=\"container\">\n\t\t\t\t<div class=\"elementor-element elementor-element-58f1145 elementor-widget elementor-widget-image\" data-id=\"58f1145\" data-element_type=\"widget\" data-widget_type=\"image.default\">\n\t\t\t\t<div class=\"elementor-widget-container\">\n\t\t\t\t\t\t\t\t\t\t\t\t\t\t\t<img loading=\"lazy\" decoding=\"async\" width=\"800\" height=\"800\" src=\"https:\/\/studiometza.com.pl\/wp-content\/uploads\/2025\/07\/BLIZNY-ROZSTEPY-brzuch-1024x1024.jpg\" class=\"attachment-large size-large wp-image-581\" alt=\"\" srcset=\"https:\/\/studiometza.com.pl\/wp-content\/uploads\/2025\/07\/BLIZNY-ROZSTEPY-brzuch-1024x1024.jpg 1024w, https:\/\/studiometza.com.pl\/wp-content\/uploads\/2025\/07\/BLIZNY-ROZSTEPY-brzuch-300x300.jpg 300w, https:\/\/studiometza.com.pl\/wp-content\/uploads\/2025\/07\/BLIZNY-ROZSTEPY-brzuch-150x150.jpg 150w, https:\/\/studiometza.com.pl\/wp-content\/uploads\/2025\/07\/BLIZNY-ROZSTEPY-brzuch-768x768.jpg 768w, https:\/\/studiometza.com.pl\/wp-content\/uploads\/2025\/07\/BLIZNY-ROZSTEPY-brzuch.jpg 1080w\" sizes=\"(max-width: 800px) 100vw, 800px\" \/>\t\t\t\t\t\t\t\t\t\t\t\t\t\t\t<\/div>\n\t\t\t\t<\/div>\n\t\t\t\t<\/div>\n\t\t<div class=\"elementor-element elementor-element-3a5b006 e-con-full e-flex e-con e-child\" data-id=\"3a5b006\" data-element_type=\"container\">\n\t\t\t\t<div class=\"elementor-element elementor-element-b9304db elementor-widget elementor-widget-heading\" data-id=\"b9304db\" data-element_type=\"widget\" data-widget_type=\"heading.default\">\n\t\t\t\t<div class=\"elementor-widget-container\">\n\t\t\t\t\t<h2 class=\"elementor-heading-title elementor-size-default\">MEZOTERAPIA BEZIG\u0141OWA DERMATION\u00ae<\/h2>\t\t\t\t<\/div>\n\t\t\t\t<\/div>\n\t\t\t\t<div class=\"elementor-element elementor-element-4b2ea59 elementor-widget elementor-widget-tablepress-table\" data-id=\"4b2ea59\" data-element_type=\"widget\" data-widget_type=\"tablepress-table.default\">\n\t\t\t\t\t\n<table id=\"tablepress-30\" class=\"tablepress tablepress-id-30\">\n<thead>\n<tr class=\"row-1\">\n\t<th class=\"column-1\">Nazwa zabiegu<br \/>\n<\/th><th class=\"column-2\">Zabieg pojedynczy<\/th><th class=\"column-3\">4 zabiegi PAKIET STANDARD<\/th><th class=\"column-4\">Czas trwania zabiegu<\/th>\n<\/tr>\n<\/thead>\n<tbody class=\"row-striping row-hover\">\n<tr class=\"row-2\">\n\t<td class=\"column-1\">Smoothing - blizny, rozst\u0119py \/twarz+szyja \/+ o. wodorowe<\/td><td class=\"column-2\">Od 350 z\u0142\/100 z\u0142<\/td><td class=\"column-3\">1120 z\u0142<\/td><td class=\"column-4\">90 min<\/td>\n<\/tr>\n<\/tbody>\n<\/table>\n<!-- #tablepress-30 from cache -->\t\t\t\t<\/div>\n\t\t\t\t<\/div>\n\t\t\t\t\t<\/div>\n\t\t\t\t<\/div>\n\t\t\t\t<\/div>\n\t\t","protected":false},"excerpt":{"rendered":"<p>Home \/ Cennik Zabiegi na cia\u0142o Pobierz cennik ANTYCELLULITOWY ZABIEG NA CIA\u0141O &#8211; MODENTE RF MIKROIG\u0141OWY NA CIA\u0141O WYSZCZUPLAJ\u0104CY ZABIEG NA CIA\u0141O &#8211; DERMAORGANIC MEZOTERAPIA BEZIG\u0141OWA DERMATION\u00ae ANTYCELLULITOWY ZABIEG NA CIA\u0141O \u2013 MODENTE\u00ae Edytuj RF, IR, drena\u017c limfatyczny &#8211; modelowanie cia\u0142a, redukcja tkanki t\u0142uszczowej i cellulitu Zabieg pojedynczy 4 zabiegi PAKIET STANDARD Czas trwania zabiegu [&hellip;]<\/p>\n","protected":false},"author":1,"featured_media":0,"parent":0,"menu_order":0,"comment_status":"closed","ping_status":"closed","template":"elementor_header_footer","meta":{"footnotes":""},"class_list":["post-786","page","type-page","status-publish","hentry"],"_links":{"self":[{"href":"https:\/\/studiometza.com.pl\/index.php?rest_route=\/wp\/v2\/pages\/786","targetHints":{"allow":["GET"]}}],"collection":[{"href":"https:\/\/studiometza.com.pl\/index.php?rest_route=\/wp\/v2\/pages"}],"about":[{"href":"https:\/\/studiometza.com.pl\/index.php?rest_route=\/wp\/v2\/types\/page"}],"author":[{"embeddable":true,"href":"https:\/\/studiometza.com.pl\/index.php?rest_route=\/wp\/v2\/users\/1"}],"replies":[{"embeddable":true,"href":"https:\/\/studiometza.com.pl\/index.php?rest_route=%2Fwp%2Fv2%2Fcomments&post=786"}],"version-history":[{"count":25,"href":"https:\/\/studiometza.com.pl\/index.php?rest_route=\/wp\/v2\/pages\/786\/revisions"}],"predecessor-version":[{"id":1585,"href":"https:\/\/studiometza.com.pl\/index.php?rest_route=\/wp\/v2\/pages\/786\/revisions\/1585"}],"wp:attachment":[{"href":"https:\/\/studiometza.com.pl\/index.php?rest_route=%2Fwp%2Fv2%2Fmedia&parent=786"}],"curies":[{"name":"wp","href":"https:\/\/api.w.org\/{rel}","templated":true}]}}